{"id":30,"date":"2024-05-18T13:18:29","date_gmt":"2024-05-18T11:18:29","guid":{"rendered":"http:\/\/centroeunoia.com\/?page_id=30"},"modified":"2024-05-22T17:40:17","modified_gmt":"2024-05-22T15:40:17","slug":"logopedia","status":"publish","type":"page","link":"https:\/\/centroeunoia.com\/index.php\/logopedia\/","title":{"rendered":"Logopedia"},"content":{"rendered":"\n<div style=\"height:50px\" aria-hidden=\"true\" class=\"wp-block-spacer\"><\/div>\n\n\n\n<div class=\"wp-block-cover alignfull has-parallax has-custom-content-position is-position-bottom-center\" style=\"padding-top:var(--wp--preset--spacing--50);padding-right:var(--wp--preset--spacing--50);padding-bottom:var(--wp--preset--spacing--50);padding-left:var(--wp--preset--spacing--50);min-height:100vh;aspect-ratio:unset;\"><span aria-hidden=\"true\" class=\"wp-block-cover__background has-base-background-color has-background-dim-0 has-background-dim\"><\/span><div role=\"img\" aria-label=\"eunoia psicologia manos\" class=\"wp-block-cover__image-background wp-image-28 has-parallax\" style=\"background-position:50% 50%;background-image:url(http:\/\/centroeunoia.com\/wp-content\/uploads\/2024\/05\/womanizer-toys-8oB43mw658c-unsplash-scaled.jpg)\"><\/div><div class=\"wp-block-cover__inner-container has-global-padding is-layout-constrained wp-container-core-cover-is-layout-e4fd886c wp-block-cover-is-layout-constrained\">\n<blockquote class=\"wp-block-quote has-custom-verde-eunoia-oscuro-background-color has-background is-layout-flow wp-block-quote-is-layout-flow\">\n<p class=\"has-arsenica-trial-font-family\" style=\"font-style:normal;font-weight:400\">Intervenci\u00f3n dirigida a ni\u00f1os, adolescentes y adultos en:<\/p>\n\n\n\n<ul class=\"wp-block-list\">\n<li style=\"font-style:normal;font-weight:400\" class=\"has-hk-grotesk-font-family has-medium-font-size\">Degluci\u00f3n at\u00edpica y terapia miofuncional.<\/li>\n\n\n\n<li style=\"font-style:normal;font-weight:400\" class=\"has-hk-grotesk-font-family has-medium-font-size\">Atenci\u00f3n temprana.<\/li>\n\n\n\n<li style=\"font-style:normal;font-weight:400\" class=\"has-hk-grotesk-font-family has-medium-font-size\">Retraso madurativo.<\/li>\n\n\n\n<li style=\"font-style:normal;font-weight:400\" class=\"has-hk-grotesk-font-family has-medium-font-size\">Hablante tard\u00edo o Inicio Tard\u00edo del lenguaje.<\/li>\n\n\n\n<li style=\"font-style:normal;font-weight:400\" class=\"has-hk-grotesk-font-family has-medium-font-size\">Trastornos de los sonidos del habla (TSH).<\/li>\n\n\n\n<li style=\"font-style:normal;font-weight:400\" class=\"has-hk-grotesk-font-family has-medium-font-size\">Trastorno de la comunicaci\u00f3n social (TCS).<\/li>\n\n\n\n<li style=\"font-style:normal;font-weight:400\" class=\"has-hk-grotesk-font-family has-medium-font-size\">Trastornos auditivos: hipoacusia.<\/li>\n\n\n\n<li style=\"font-style:normal;font-weight:400\" class=\"has-hk-grotesk-font-family has-medium-font-size\">Trastornos del Neurodesarrollo: TDAH (trastorno por d\u00e9ficit de atenci\u00f3n e hiperactividad) ,TEA (trastorno del espectro autista), TDL (trastorno del desarrollo del lenguaje).<\/li>\n\n\n\n<li style=\"font-style:normal;font-weight:400\" class=\"has-hk-grotesk-font-family has-medium-font-size\">Dificultades de aprendizaje: dislexia, discalculia, disgraf\u00eda, disortograf\u00eda.<\/li>\n\n\n\n<li style=\"font-style:normal;font-weight:400\" class=\"has-hk-grotesk-font-family has-medium-font-size\">Alteraciones en la alimentaci\u00f3n.<\/li>\n\n\n\n<li style=\"font-style:normal;font-weight:400\" class=\"has-hk-grotesk-font-family has-medium-font-size\">Disfemia.<\/li>\n\n\n\n<li style=\"font-style:normal;font-weight:400\" class=\"has-hk-grotesk-font-family has-medium-font-size\">Asesoramiento y acompa\u00f1amiento: familiar y escolar.<\/li>\n\n\n\n<li style=\"font-style:normal;font-weight:400\" class=\"has-hk-grotesk-font-family has-medium-font-size\">Dificultades en el lenguaje y la comunicaci\u00f3n causadas por enfermedades neurol\u00f3gicas espec\u00edficas y\/o traumatismos craneoencef\u00e1licos \/ cerebrovasculares (Disfon\u00eda, disartria, afasia\u2026).<\/li>\n\n\n\n<li style=\"font-style:normal;font-weight:400\" class=\"has-hk-grotesk-font-family has-medium-font-size\">Enfermedades Neurodegenerativas: Parkinson, Alzheimer\u2026<\/li>\n\n\n\n<li style=\"font-style:normal;font-weight:400\" class=\"has-hk-grotesk-font-family has-medium-font-size\">Trastornos de la voz: disfon\u00edas, afon\u00edas y trastornos asociados, intervenci\u00f3n pre \/ post quir\u00fargica.<\/li>\n<\/ul>\n<\/blockquote>\n<\/div><\/div>\n\n\n\n<div style=\"height:50px\" aria-hidden=\"true\" class=\"wp-block-spacer\"><\/div>\n\n\n\n<p class=\"has-arsenica-trial-font-family has-large-font-size\">Nuestra terapia consiste en:<\/p>\n\n\n\n<ul class=\"wp-block-list\">\n<li style=\"font-style:normal;font-weight:400\" class=\"has-hk-grotesk-font-family has-medium-font-size\"><strong>Entrevista inicial \/ anamnesis<\/strong>: recoger toda la informaci\u00f3n relevante del caso para posteriormente realizar una evaluaci\u00f3n, si fuera necesario.<\/li>\n\n\n\n<li style=\"font-style:normal;font-weight:400\" class=\"has-hk-grotesk-font-family has-medium-font-size\"><strong>Evaluaci\u00f3n<\/strong> y valoraci\u00f3n inicial.<\/li>\n\n\n\n<li style=\"font-style:normal;font-weight:400\" class=\"has-hk-grotesk-font-family has-medium-font-size\">Una vez recogida toda la informaci\u00f3n y realizada la evaluaci\u00f3n (si ha sido necesario) se realiza un <strong>plan de intervenci\u00f3n personalizado<\/strong>,teniendo en cuenta las necesidades espec\u00edficas de cada paciente y familia, ajustando los objetivos al desarrollo de cada persona.Estos objetivos se ir\u00e1n revisando seg\u00fan se vayan alcanzando los objetivos propuestos inicialmente.<\/li>\n\n\n\n<li style=\"font-style:normal;font-weight:400\" class=\"has-hk-grotesk-font-family has-medium-font-size\"><strong>Reevaluaci\u00f3n<\/strong>.<\/li>\n<\/ul>\n\n\n\n<div style=\"height:50px\" aria-hidden=\"true\" class=\"wp-block-spacer\"><\/div>\n\n\n\n<div class=\"wp-block-group alignfull has-custom-crema-eunoia-color has-custom-verde-eunoia-oscuro-background-color has-text-color has-background has-link-color wp-elements-5755666ea2d15abba5ea35a7f64701d6 has-global-padding is-layout-constrained wp-container-core-group-is-layout-669513ed wp-block-group-is-layout-constrained\" id=\"equipo\" style=\"margin-top:0;margin-bottom:0;padding-top:var(--wp--preset--spacing--50);padding-right:var(--wp--preset--spacing--50);padding-bottom:var(--wp--preset--spacing--50);padding-left:var(--wp--preset--spacing--50)\">\n<div class=\"wp-block-group is-vertical is-content-justification-center is-layout-flex wp-container-core-group-is-layout-ce155fab wp-block-group-is-layout-flex\">\n<h2 class=\"wp-block-heading has-text-align-center has-custom-crema-eunoia-color has-text-color has-link-color has-arsenica-trial-font-family has-xx-large-font-size wp-elements-1b8c1954d1e40ae537c280cced1c994f\">Conoce a nuestro equipo<\/h2>\n\n\n\n<p class=\"has-text-align-center\">Prestamos servicios de psicolog\u00eda y logopedia tanto de forma <strong>presencial<\/strong> como<strong> on-line.<\/strong><\/p>\n<\/div>\n\n\n\n<div style=\"height:var(--wp--preset--spacing--30)\" aria-hidden=\"true\" class=\"wp-block-spacer\"><\/div>\n\n\n\n<div class=\"wp-block-columns alignwide is-layout-flex wp-container-core-columns-is-layout-4935966c wp-block-columns-is-layout-flex\" style=\"padding-right:0;padding-left:0\">\n<div class=\"wp-block-column is-layout-flow wp-block-column-is-layout-flow\">\n<figure class=\"wp-block-image size-full is-style-rounded is-style-rounded--1\"><a href=\"http:\/\/centroeunoia.com\/index.php\/jennifer-domenech-pulido\/\"><img loading=\"lazy\" decoding=\"async\" width=\"1707\" height=\"2560\" src=\"http:\/\/centroeunoia.com\/wp-content\/uploads\/2024\/05\/Eunoia-25-scaled.jpg\" alt=\"\" class=\"wp-image-78\" style=\"aspect-ratio:1;object-fit:cover\" srcset=\"https:\/\/centroeunoia.com\/wp-content\/uploads\/2024\/05\/Eunoia-25-scaled.jpg 1707w, https:\/\/centroeunoia.com\/wp-content\/uploads\/2024\/05\/Eunoia-25-200x300.jpg 200w, https:\/\/centroeunoia.com\/wp-content\/uploads\/2024\/05\/Eunoia-25-683x1024.jpg 683w, https:\/\/centroeunoia.com\/wp-content\/uploads\/2024\/05\/Eunoia-25-768x1152.jpg 768w, https:\/\/centroeunoia.com\/wp-content\/uploads\/2024\/05\/Eunoia-25-1024x1536.jpg 1024w, https:\/\/centroeunoia.com\/wp-content\/uploads\/2024\/05\/Eunoia-25-1366x2048.jpg 1366w\" sizes=\"auto, (max-width: 1707px) 100vw, 1707px\" \/><\/a><\/figure>\n\n\n\n<div class=\"wp-block-group is-vertical is-content-justification-center is-nowrap is-layout-flex wp-container-core-group-is-layout-21d4e958 wp-block-group-is-layout-flex\">\n<p class=\"has-text-align-center has-small-font-size\"><strong>Jennifer Domenech Pulido<\/strong><\/p>\n\n\n\n<p class=\"has-text-align-center has-small-font-size\">Psic\u00f3loga General Sanitaria<\/p>\n\n\n\n<div style=\"height:0px\" aria-hidden=\"true\" class=\"wp-block-spacer wp-container-content-62aae154\"><\/div>\n\n\n\n<div class=\"wp-block-buttons is-layout-flex wp-block-buttons-is-layout-flex\">\n<div class=\"wp-block-button\"><a class=\"wp-block-button__link has-custom-verde-eunoia-oscuro-color has-custom-crema-eunoia-background-color has-text-color has-background has-link-color wp-element-button\" href=\"http:\/\/centroeunoia.com\/index.php\/jennifer-domenech-pulido\/\">+ sobre Jennifer<\/a><\/div>\n<\/div>\n<\/div>\n<\/div>\n\n\n\n<div class=\"wp-block-column is-layout-flow wp-block-column-is-layout-flow\">\n<figure class=\"wp-block-image size-full is-style-rounded is-style-rounded--2\"><a href=\"http:\/\/centroeunoia.com\/index.php\/noelia-mata-galve\/\"><img loading=\"lazy\" decoding=\"async\" width=\"1707\" height=\"2560\" src=\"http:\/\/centroeunoia.com\/wp-content\/uploads\/2024\/05\/Eunoia-13-scaled.jpg\" alt=\"\" class=\"wp-image-73\" style=\"aspect-ratio:1;object-fit:cover\" srcset=\"https:\/\/centroeunoia.com\/wp-content\/uploads\/2024\/05\/Eunoia-13-scaled.jpg 1707w, https:\/\/centroeunoia.com\/wp-content\/uploads\/2024\/05\/Eunoia-13-200x300.jpg 200w, https:\/\/centroeunoia.com\/wp-content\/uploads\/2024\/05\/Eunoia-13-683x1024.jpg 683w, https:\/\/centroeunoia.com\/wp-content\/uploads\/2024\/05\/Eunoia-13-768x1152.jpg 768w, https:\/\/centroeunoia.com\/wp-content\/uploads\/2024\/05\/Eunoia-13-1024x1536.jpg 1024w, https:\/\/centroeunoia.com\/wp-content\/uploads\/2024\/05\/Eunoia-13-1365x2048.jpg 1365w\" sizes=\"auto, (max-width: 1707px) 100vw, 1707px\" \/><\/a><\/figure>\n\n\n\n<div class=\"wp-block-group is-vertical is-content-justification-center is-nowrap is-layout-flex wp-container-core-group-is-layout-63bfd6c1 wp-block-group-is-layout-flex\">\n<p class=\"has-text-align-center has-small-font-size\"><strong>Noelia Mata Galve<\/strong><\/p>\n\n\n\n<p class=\"has-text-align-center has-small-font-size\">Psic\u00f3loga General Sanitaria<\/p>\n<\/div>\n\n\n\n<div class=\"wp-block-buttons is-content-justification-center is-layout-flex wp-container-core-buttons-is-layout-a89b3969 wp-block-buttons-is-layout-flex\">\n<div class=\"wp-block-button\"><a class=\"wp-block-button__link has-custom-verde-eunoia-oscuro-color has-custom-crema-eunoia-background-color has-text-color has-background has-link-color wp-element-button\" href=\"http:\/\/centroeunoia.com\/index.php\/noelia-mata-galve\/\">+ sobre Noelia<\/a><\/div>\n<\/div>\n<\/div>\n\n\n\n<div class=\"wp-block-column is-layout-flow wp-block-column-is-layout-flow\">\n<figure class=\"wp-block-image size-full is-style-rounded is-style-rounded--3\"><img loading=\"lazy\" decoding=\"async\" width=\"1707\" height=\"2560\" src=\"https:\/\/centroeunoia.com\/wp-content\/uploads\/2024\/05\/Principal-Marta-1-2-scaled.jpg\" alt=\"\" class=\"wp-image-222\" style=\"aspect-ratio:1;object-fit:cover\" srcset=\"https:\/\/centroeunoia.com\/wp-content\/uploads\/2024\/05\/Principal-Marta-1-2-scaled.jpg 1707w, https:\/\/centroeunoia.com\/wp-content\/uploads\/2024\/05\/Principal-Marta-1-2-200x300.jpg 200w, https:\/\/centroeunoia.com\/wp-content\/uploads\/2024\/05\/Principal-Marta-1-2-683x1024.jpg 683w, https:\/\/centroeunoia.com\/wp-content\/uploads\/2024\/05\/Principal-Marta-1-2-768x1152.jpg 768w, https:\/\/centroeunoia.com\/wp-content\/uploads\/2024\/05\/Principal-Marta-1-2-1024x1536.jpg 1024w, https:\/\/centroeunoia.com\/wp-content\/uploads\/2024\/05\/Principal-Marta-1-2-1366x2048.jpg 1366w\" sizes=\"auto, (max-width: 1707px) 100vw, 1707px\" \/><\/figure>\n\n\n\n<div class=\"wp-block-group is-vertical is-content-justification-center is-nowrap is-layout-flex wp-container-core-group-is-layout-63bfd6c1 wp-block-group-is-layout-flex\">\n<p class=\"has-text-align-center has-small-font-size\"><strong>Marta Queralt P\u00e9rez<\/strong><\/p>\n\n\n\n<p class=\"has-text-align-center has-small-font-size\">Logopeda<\/p>\n<\/div>\n\n\n\n<div class=\"wp-block-buttons is-content-justification-center is-layout-flex wp-container-core-buttons-is-layout-a89b3969 wp-block-buttons-is-layout-flex\">\n<div class=\"wp-block-button\"><a class=\"wp-block-button__link has-custom-verde-eunoia-oscuro-color has-custom-crema-eunoia-background-color has-text-color has-background has-link-color wp-element-button\" href=\"http:\/\/centroeunoia.com\/index.php\/marta-queralt-perez\/\">+ sobre Marta<\/a><\/div>\n<\/div>\n<\/div>\n<\/div>\n<\/div>\n","protected":false},"excerpt":{"rendered":"<p>Nuestra terapia consiste en: Conoce a nuestro equipo Prestamos servicios de psicolog\u00eda y logopedia tanto de forma presencial como on-line. Jennifer Domenech Pulido Psic\u00f3loga General Sanitaria Noelia Mata Galve Psic\u00f3loga General Sanitaria Marta Queralt P\u00e9rez Logopeda<\/p>\n","protected":false},"author":1,"featured_media":50,"parent":0,"menu_order":0,"comment_status":"closed","ping_status":"closed","template":"","meta":{"footnotes":""},"class_list":["post-30","page","type-page","status-publish","has-post-thumbnail","hentry"],"_links":{"self":[{"href":"https:\/\/centroeunoia.com\/index.php\/wp-json\/wp\/v2\/pages\/30","targetHints":{"allow":["GET"]}}],"collection":[{"href":"https:\/\/centroeunoia.com\/index.php\/wp-json\/wp\/v2\/pages"}],"about":[{"href":"https:\/\/centroeunoia.com\/index.php\/wp-json\/wp\/v2\/types\/page"}],"author":[{"embeddable":true,"href":"https:\/\/centroeunoia.com\/index.php\/wp-json\/wp\/v2\/users\/1"}],"replies":[{"embeddable":true,"href":"https:\/\/centroeunoia.com\/index.php\/wp-json\/wp\/v2\/comments?post=30"}],"version-history":[{"count":21,"href":"https:\/\/centroeunoia.com\/index.php\/wp-json\/wp\/v2\/pages\/30\/revisions"}],"predecessor-version":[{"id":239,"href":"https:\/\/centroeunoia.com\/index.php\/wp-json\/wp\/v2\/pages\/30\/revisions\/239"}],"wp:featuredmedia":[{"embeddable":true,"href":"https:\/\/centroeunoia.com\/index.php\/wp-json\/wp\/v2\/media\/50"}],"wp:attachment":[{"href":"https:\/\/centroeunoia.com\/index.php\/wp-json\/wp\/v2\/media?parent=30"}],"curies":[{"name":"wp","href":"https:\/\/api.w.org\/{rel}","templated":true}]}}