{"id":29,"date":"2024-05-18T22:57:41","date_gmt":"2024-05-18T20:57:41","guid":{"rendered":"http:\/\/centroeunoia.com\/?page_id=29"},"modified":"2024-05-19T22:07:59","modified_gmt":"2024-05-19T20:07:59","slug":"psicologia","status":"publish","type":"page","link":"https:\/\/centroeunoia.com\/index.php\/psicologia\/","title":{"rendered":"Psicolog\u00eda"},"content":{"rendered":"\n<div style=\"height:50px\" aria-hidden=\"true\" class=\"wp-block-spacer\"><\/div>\n\n\n\n<div class=\"wp-block-cover alignfull has-parallax has-custom-content-position is-position-bottom-center\" style=\"padding-top:var(--wp--preset--spacing--50);padding-right:var(--wp--preset--spacing--50);padding-bottom:var(--wp--preset--spacing--50);padding-left:var(--wp--preset--spacing--50);min-height:100vh;aspect-ratio:unset;\"><span aria-hidden=\"true\" class=\"wp-block-cover__background has-base-background-color has-background-dim-0 has-background-dim\"><\/span><div role=\"img\" aria-label=\"eunoia psicologia manos\" class=\"wp-block-cover__image-background wp-image-28 has-parallax\" style=\"background-position:50% 50%;background-image:url(http:\/\/centroeunoia.com\/wp-content\/uploads\/2024\/05\/womanizer-toys-8oB43mw658c-unsplash-scaled.jpg)\"><\/div><div class=\"wp-block-cover__inner-container has-global-padding is-layout-constrained wp-container-core-cover-is-layout-e4fd886c wp-block-cover-is-layout-constrained\">\n<blockquote class=\"wp-block-quote has-custom-verde-eunoia-oscuro-background-color has-background is-layout-flow wp-block-quote-is-layout-flow\">\n<p class=\"has-arsenica-trial-font-family\" style=\"font-style:normal;font-weight:400\">Terapia cognitivo conductual infanto-juvenil y adultos en:<\/p>\n\n\n\n<ul class=\"wp-block-list\">\n<li style=\"font-style:normal;font-weight:400\" class=\"has-hk-grotesk-font-family has-medium-font-size\">Trastornos del estado de \u00e1nimo como depresi\u00f3n, ansiedad,autoestima\u2026<\/li>\n\n\n\n<li style=\"font-style:normal;font-weight:400\" class=\"has-hk-grotesk-font-family has-medium-font-size\">Duelo patol\u00f3gico<\/li>\n\n\n\n<li style=\"font-style:normal;font-weight:400\" class=\"has-hk-grotesk-font-family has-medium-font-size\">Fobia<\/li>\n\n\n\n<li style=\"font-style:normal;font-weight:400\" class=\"has-hk-grotesk-font-family has-medium-font-size\">Hipocondr\u00eda<\/li>\n\n\n\n<li style=\"font-style:normal;font-weight:400\" class=\"has-hk-grotesk-font-family has-medium-font-size\">TOC<\/li>\n\n\n\n<li style=\"font-style:normal;font-weight:400\" class=\"has-hk-grotesk-font-family has-medium-font-size\">Terapia de pareja<\/li>\n\n\n\n<li style=\"font-style:normal;font-weight:400\" class=\"has-hk-grotesk-font-family has-medium-font-size\">Trastornos sexuales<\/li>\n\n\n\n<li style=\"font-style:normal;font-weight:400\" class=\"has-hk-grotesk-font-family has-medium-font-size\">Habilidades sociales-asertividad<\/li>\n\n\n\n<li style=\"font-style:normal;font-weight:400\" class=\"has-hk-grotesk-font-family has-medium-font-size\">Adicciones<\/li>\n\n\n\n<li style=\"font-style:normal;font-weight:400\" class=\"has-hk-grotesk-font-family has-medium-font-size\">Modificaci\u00f3n de conducta<\/li>\n\n\n\n<li style=\"font-style:normal;font-weight:400\" class=\"has-hk-grotesk-font-family has-medium-font-size\">Entrenamiento en funciones ejecutivas<\/li>\n<\/ul>\n<\/blockquote>\n<\/div><\/div>\n\n\n\n<div style=\"height:50px\" aria-hidden=\"true\" class=\"wp-block-spacer\"><\/div>\n\n\n\n<p class=\"has-arsenica-trial-font-family has-large-font-size\">La terapia pasa por cuatro fases diferentes&#8230;<\/p>\n\n\n\n<ol class=\"wp-block-list\">\n<li><strong>Contacta con nosotras:<\/strong> La decisi\u00f3n de pedir ayuda a un profesional requiere ser consciente de que se tiene un problema y que pese a los esfuerzos por solucionarlo no ha sido suficiente.<\/li>\n\n\n\n<li><strong>La evaluaci\u00f3n:<\/strong> Esta es una fase especialmente importante porque a partir de ella se va a construir toda la terapia. Consiste en recoger toda la informaci\u00f3n necesaria para comprender el problema, c\u00f3mo se origin\u00f3 y por qu\u00e9 sigue teni\u00e9ndolo en la actualidad.<\/li>\n\n\n\n<li><strong>La Hip\u00f3tesis: <\/strong>Cuando la psic\u00f3loga ya tenga toda la informaci\u00f3n sobre c\u00f3mo se origin\u00f3 tu problema y, sobre todo, c\u00f3mo se est\u00e1 manteniendo en la actualidad, a partir de aqu\u00ed, te explicar\u00e1 en qu\u00e9 va a consistir tu terapia y qu\u00e9 t\u00e9cnicas espec\u00edficas vas a aprender.<\/li>\n\n\n\n<li><strong>La Terapia:<\/strong> La psic\u00f3loga te ir\u00e1 ense\u00f1ando estrategias concretas para superar tu problema. Estas t\u00e9cnicas las aprender\u00e1s durante las sesiones terap\u00e9uticas e ir\u00e1s practicando lo aprendido.\n<ul class=\"wp-block-list\">\n<li>El trabajo es <strong>progresivo<\/strong> y aunque a veces no es lineal, lo importante es el resultado final.<\/li>\n\n\n\n<li>Nunca se te pedir\u00e1 nada que la psic\u00f3loga no est\u00e9 segura de que puedes realizar.<\/li>\n\n\n\n<li>El objetivo es crear <strong>independencia y seguridad<\/strong>, la psic\u00f3loga ir\u00e1 soltando las riendas poco a poco para que compruebes que puedes enfrentarte a los problemas que tem\u00edas por t\u00ed mismo.<\/li>\n<\/ul>\n<\/li>\n<\/ol>\n\n\n\n<div style=\"height:50px\" aria-hidden=\"true\" class=\"wp-block-spacer\"><\/div>\n\n\n\n<div class=\"wp-block-group alignfull has-custom-crema-eunoia-color has-custom-verde-eunoia-oscuro-background-color has-text-color has-background has-link-color wp-elements-6c7d3958e9c2a578974d5a9cf1e29669 has-global-padding is-layout-constrained wp-container-core-group-is-layout-669513ed wp-block-group-is-layout-constrained\" id=\"equipo\" style=\"margin-top:0;margin-bottom:0;padding-top:var(--wp--preset--spacing--50);padding-right:var(--wp--preset--spacing--50);padding-bottom:var(--wp--preset--spacing--50);padding-left:var(--wp--preset--spacing--50)\">\n<div class=\"wp-block-group is-vertical is-content-justification-center is-layout-flex wp-container-core-group-is-layout-ce155fab wp-block-group-is-layout-flex\">\n<h2 class=\"wp-block-heading has-text-align-center has-custom-crema-eunoia-color has-text-color has-link-color has-arsenica-trial-font-family has-xx-large-font-size wp-elements-1b8c1954d1e40ae537c280cced1c994f\">Conoce a nuestro equipo<\/h2>\n\n\n\n<p class=\"has-text-align-center\">Prestamos servicios de psicolog\u00eda y logopedia tanto de forma <strong>presencial<\/strong> como <strong>on-line<\/strong>.<\/p>\n<\/div>\n\n\n\n<div style=\"height:var(--wp--preset--spacing--30)\" aria-hidden=\"true\" class=\"wp-block-spacer\"><\/div>\n\n\n\n<div class=\"wp-block-columns alignwide is-layout-flex wp-container-core-columns-is-layout-4935966c wp-block-columns-is-layout-flex\" style=\"padding-right:0;padding-left:0\">\n<div class=\"wp-block-column is-layout-flow wp-block-column-is-layout-flow\">\n<figure class=\"wp-block-image size-full is-style-rounded is-style-rounded--1\"><a href=\"http:\/\/centroeunoia.com\/index.php\/jennifer-domenech-pulido\/\"><img loading=\"lazy\" decoding=\"async\" width=\"1707\" height=\"2560\" src=\"http:\/\/centroeunoia.com\/wp-content\/uploads\/2024\/05\/Eunoia-25-scaled.jpg\" alt=\"\" class=\"wp-image-78\" style=\"aspect-ratio:1;object-fit:cover\" srcset=\"https:\/\/centroeunoia.com\/wp-content\/uploads\/2024\/05\/Eunoia-25-scaled.jpg 1707w, https:\/\/centroeunoia.com\/wp-content\/uploads\/2024\/05\/Eunoia-25-200x300.jpg 200w, https:\/\/centroeunoia.com\/wp-content\/uploads\/2024\/05\/Eunoia-25-683x1024.jpg 683w, https:\/\/centroeunoia.com\/wp-content\/uploads\/2024\/05\/Eunoia-25-768x1152.jpg 768w, https:\/\/centroeunoia.com\/wp-content\/uploads\/2024\/05\/Eunoia-25-1024x1536.jpg 1024w, https:\/\/centroeunoia.com\/wp-content\/uploads\/2024\/05\/Eunoia-25-1366x2048.jpg 1366w\" sizes=\"auto, (max-width: 1707px) 100vw, 1707px\" \/><\/a><\/figure>\n\n\n\n<div class=\"wp-block-group is-vertical is-content-justification-center is-nowrap is-layout-flex wp-container-core-group-is-layout-21d4e958 wp-block-group-is-layout-flex\">\n<p class=\"has-text-align-center has-small-font-size\"><strong>Jennifer Dom\u00e9nech Pulido<\/strong><\/p>\n\n\n\n<p class=\"has-text-align-center has-small-font-size\">Psic\u00f3loga General Sanitaria<\/p>\n\n\n\n<div style=\"height:0px\" aria-hidden=\"true\" class=\"wp-block-spacer wp-container-content-62aae154\"><\/div>\n\n\n\n<div class=\"wp-block-buttons is-layout-flex wp-block-buttons-is-layout-flex\">\n<div class=\"wp-block-button\"><a class=\"wp-block-button__link has-custom-verde-eunoia-oscuro-color has-custom-crema-eunoia-background-color has-text-color has-background has-link-color wp-element-button\" href=\"http:\/\/centroeunoia.com\/index.php\/jennifer-domenech-pulido\/\">+ sobre Jennifer<\/a><\/div>\n<\/div>\n<\/div>\n<\/div>\n\n\n\n<div class=\"wp-block-column is-layout-flow wp-block-column-is-layout-flow\">\n<figure class=\"wp-block-image size-full is-style-rounded is-style-rounded--2\"><a href=\"http:\/\/centroeunoia.com\/index.php\/noelia-mata-galve\/\"><img loading=\"lazy\" decoding=\"async\" width=\"1707\" height=\"2560\" src=\"http:\/\/centroeunoia.com\/wp-content\/uploads\/2024\/05\/Eunoia-13-scaled.jpg\" alt=\"\" class=\"wp-image-73\" style=\"aspect-ratio:1;object-fit:cover\" srcset=\"https:\/\/centroeunoia.com\/wp-content\/uploads\/2024\/05\/Eunoia-13-scaled.jpg 1707w, https:\/\/centroeunoia.com\/wp-content\/uploads\/2024\/05\/Eunoia-13-200x300.jpg 200w, https:\/\/centroeunoia.com\/wp-content\/uploads\/2024\/05\/Eunoia-13-683x1024.jpg 683w, https:\/\/centroeunoia.com\/wp-content\/uploads\/2024\/05\/Eunoia-13-768x1152.jpg 768w, https:\/\/centroeunoia.com\/wp-content\/uploads\/2024\/05\/Eunoia-13-1024x1536.jpg 1024w, https:\/\/centroeunoia.com\/wp-content\/uploads\/2024\/05\/Eunoia-13-1365x2048.jpg 1365w\" sizes=\"auto, (max-width: 1707px) 100vw, 1707px\" \/><\/a><\/figure>\n\n\n\n<div class=\"wp-block-group is-vertical is-content-justification-center is-nowrap is-layout-flex wp-container-core-group-is-layout-63bfd6c1 wp-block-group-is-layout-flex\">\n<p class=\"has-text-align-center has-small-font-size\"><strong>Noelia Mata Galve<\/strong><\/p>\n\n\n\n<p class=\"has-text-align-center has-small-font-size\">Psic\u00f3loga General Sanitaria<\/p>\n<\/div>\n\n\n\n<div class=\"wp-block-buttons is-content-justification-center is-layout-flex wp-container-core-buttons-is-layout-a89b3969 wp-block-buttons-is-layout-flex\">\n<div class=\"wp-block-button\"><a class=\"wp-block-button__link has-custom-verde-eunoia-oscuro-color has-custom-crema-eunoia-background-color has-text-color has-background has-link-color wp-element-button\" href=\"http:\/\/centroeunoia.com\/index.php\/noelia-mata-galve\/\">+ sobre Noelia<\/a><\/div>\n<\/div>\n<\/div>\n\n\n\n<div class=\"wp-block-column is-layout-flow wp-block-column-is-layout-flow\">\n<figure class=\"wp-block-image size-full is-style-rounded is-style-rounded--3\"><img loading=\"lazy\" decoding=\"async\" width=\"1707\" height=\"2560\" src=\"https:\/\/centroeunoia.com\/wp-content\/uploads\/2024\/05\/Principal-Marta-1-1-scaled.jpg\" alt=\"\" class=\"wp-image-220\" style=\"aspect-ratio:1;object-fit:cover\" srcset=\"https:\/\/centroeunoia.com\/wp-content\/uploads\/2024\/05\/Principal-Marta-1-1-scaled.jpg 1707w, https:\/\/centroeunoia.com\/wp-content\/uploads\/2024\/05\/Principal-Marta-1-1-200x300.jpg 200w, https:\/\/centroeunoia.com\/wp-content\/uploads\/2024\/05\/Principal-Marta-1-1-683x1024.jpg 683w, https:\/\/centroeunoia.com\/wp-content\/uploads\/2024\/05\/Principal-Marta-1-1-768x1152.jpg 768w, https:\/\/centroeunoia.com\/wp-content\/uploads\/2024\/05\/Principal-Marta-1-1-1024x1536.jpg 1024w, https:\/\/centroeunoia.com\/wp-content\/uploads\/2024\/05\/Principal-Marta-1-1-1366x2048.jpg 1366w\" sizes=\"auto, (max-width: 1707px) 100vw, 1707px\" \/><\/figure>\n\n\n\n<div class=\"wp-block-group is-vertical is-content-justification-center is-nowrap is-layout-flex wp-container-core-group-is-layout-63bfd6c1 wp-block-group-is-layout-flex\">\n<p class=\"has-text-align-center has-small-font-size\"><strong>Marta Queralt P\u00e9rez<\/strong><\/p>\n\n\n\n<p class=\"has-text-align-center has-small-font-size\">Logopeda<\/p>\n<\/div>\n\n\n\n<div class=\"wp-block-buttons is-content-justification-center is-layout-flex wp-container-core-buttons-is-layout-a89b3969 wp-block-buttons-is-layout-flex\">\n<div class=\"wp-block-button\"><a class=\"wp-block-button__link has-custom-verde-eunoia-oscuro-color has-custom-crema-eunoia-background-color has-text-color has-background has-link-color wp-element-button\" href=\"http:\/\/centroeunoia.com\/index.php\/marta-queralt-perez\/\">+ sobre Marta<\/a><\/div>\n<\/div>\n<\/div>\n<\/div>\n<\/div>\n","protected":false},"excerpt":{"rendered":"<p>La terapia pasa por cuatro fases diferentes&#8230; Conoce a nuestro equipo Prestamos servicios de psicolog\u00eda y logopedia tanto de forma presencial como on-line. Jennifer Dom\u00e9nech Pulido Psic\u00f3loga General Sanitaria Noelia Mata Galve Psic\u00f3loga General Sanitaria Marta Queralt P\u00e9rez Logopeda<\/p>\n","protected":false},"author":1,"featured_media":37,"parent":0,"menu_order":0,"comment_status":"closed","ping_status":"closed","template":"","meta":{"footnotes":""},"class_list":["post-29","page","type-page","status-publish","has-post-thumbnail","hentry"],"_links":{"self":[{"href":"https:\/\/centroeunoia.com\/index.php\/wp-json\/wp\/v2\/pages\/29","targetHints":{"allow":["GET"]}}],"collection":[{"href":"https:\/\/centroeunoia.com\/index.php\/wp-json\/wp\/v2\/pages"}],"about":[{"href":"https:\/\/centroeunoia.com\/index.php\/wp-json\/wp\/v2\/types\/page"}],"author":[{"embeddable":true,"href":"https:\/\/centroeunoia.com\/index.php\/wp-json\/wp\/v2\/users\/1"}],"replies":[{"embeddable":true,"href":"https:\/\/centroeunoia.com\/index.php\/wp-json\/wp\/v2\/comments?post=29"}],"version-history":[{"count":12,"href":"https:\/\/centroeunoia.com\/index.php\/wp-json\/wp\/v2\/pages\/29\/revisions"}],"predecessor-version":[{"id":221,"href":"https:\/\/centroeunoia.com\/index.php\/wp-json\/wp\/v2\/pages\/29\/revisions\/221"}],"wp:featuredmedia":[{"embeddable":true,"href":"https:\/\/centroeunoia.com\/index.php\/wp-json\/wp\/v2\/media\/37"}],"wp:attachment":[{"href":"https:\/\/centroeunoia.com\/index.php\/wp-json\/wp\/v2\/media?parent=29"}],"curies":[{"name":"wp","href":"https:\/\/api.w.org\/{rel}","templated":true}]}}