{"id":248,"date":"2024-06-24T13:55:01","date_gmt":"2024-06-24T11:55:01","guid":{"rendered":"https:\/\/centroeunoia.com\/?page_id=248"},"modified":"2024-06-26T20:05:10","modified_gmt":"2024-06-26T18:05:10","slug":"politica-de-cookies","status":"publish","type":"page","link":"https:\/\/centroeunoia.com\/index.php\/politica-de-cookies\/","title":{"rendered":"Pol\u00edtica de Cookies"},"content":{"rendered":"\n<p>En esta web se utilizan cookies de terceros y propias para conseguir que tengas<br>una mejor experiencia de navegaci\u00f3n, puedas compartir contenido en redes<br>sociales y para que podamos obtener estad\u00edsticas de los usuarios.<br>Puedes evitar la descarga de cookies a trav\u00e9s de la configuraci\u00f3n de tu<br>navegador, evitando que las cookies se almacenen en su dispositivo.<br>Como propietario de este sitio web, te comunico que no utilizamos ninguna<br>informaci\u00f3n personal procedente de cookies, tan s\u00f3lo realizamos estad\u00edsticas<br>generales de visitas que no suponen ninguna informaci\u00f3n personal.<br>Es muy importante que leas la presente pol\u00edtica de cookies y comprendas que,<br>\u00fanicamente se almacenar\u00e1n en tu dispositivo las cookies necesarias para la<br>navegaci\u00f3n. El resto de cookies se instalar\u00e1n siempre y cuando lo consientas<br>expresamente.<br>Seg\u00fan los t\u00e9rminos incluidos en el art\u00edculo 22.2 de la Ley 34\/2002 de Servicios de<br>la Sociedad de la Informaci\u00f3n y Comercio Electr\u00f3nico, si contin\u00faas navegando,<br>estar\u00e1s prestando tu consentimiento para el empleo de los referidos<br>mecanismos.<\/p>\n\n\n\n<p><br><strong>Entidad Responsable<br><\/strong>La entidad responsable de la recogida, procesamiento y utilizaci\u00f3n de tus datos<br>personales, en el sentido establecido por la Ley de Protecci\u00f3n de Datos<br>personales, es la p\u00e1gina , propiedad de JENNIFER DOMENECH PULIDO, NOELIA<br>MATA GALVE, MARTA QUERALT P\u00c9REZ y direcci\u00f3n en C\/ SANTA GENOVEVA<br>TORRES, N\u00ba 26, BAJO IZQ.<br><\/p>\n\n\n\n<p><strong>\u00bfQu\u00e9 son las cookies?<br><\/strong>Las cookies son un conjunto de datos que un servidor deposita en el navegador<br>del usuario para recoger la informaci\u00f3n de registro est\u00e1ndar de Internet y la<br>informaci\u00f3n del comportamiento de los visitantes en un sitio web. Es decir, se<br>trata de peque\u00f1os archivos de texto que quedan almacenados en el disco duro<br>del ordenador y que sirven para identificar al usuario cuando se conecta<br>nuevamente al sitio web. Su objetivo es registrar la visita del usuario y guardar<br>cierta informaci\u00f3n. Su uso es com\u00fan y frecuente en la web ya que permite a las<br>p\u00e1ginas funcionar de manera m\u00e1s eficiente y conseguir una mayor<br>personalizaci\u00f3n y an\u00e1lisis sobre el comportamiento del usuario.<br><\/p>\n\n\n\n<p><strong>\u00bfQu\u00e9 tipos de cookies existen?<br><\/strong>Las cookies utilizadas en nuestro sitio web, son de sesi\u00f3n y de terceros, y nos<br>permiten almacenar y acceder a informaci\u00f3n relativa al idioma, el tipo de<br>navegador utilizado, y otras caracter\u00edsticas generales predefinidas por el usuario,<br>as\u00ed como, seguir y analizar la actividad que lleva a cabo, con el objeto de<br>introducir mejoras y prestar nuestros servicios de una manera m\u00e1s eficiente y<br>personalizada.<br>Las cookies, en funci\u00f3n de su permanencia, pueden dividirse en cookies de<br>sesi\u00f3n o permanentes. Las que expiran cuando el usuario cierra el navegador.<\/p>\n\n\n\n<p>Las que expiran en funci\u00f3n de cuando se cumpla el objetivo para el que sirven<br>(por ejemplo, para que el usuario se mantenga identificado en los servicios de<br>JENNIFER DOMENECH PULIDO o bien cuando se borran manualmente.<\/p>\n\n\n\n<ul class=\"wp-block-list\">\n<li>Mantener al usuario identificado de forma que, si cierra un servicio, el<br>navegador o el ordenador y en otro momento u otro d\u00eda vuelve a entrar en<br>dicho servicio, seguir\u00e1 identificado, facilitando as\u00ed su navegaci\u00f3n sin tener<br>que volver a identificarse. Esta funcionalidad se puede suprimir si el usuario<br>pulsa la funcionalidad [cerrar sesi\u00f3n], de forma que esta cookie se elimina y<br>la pr\u00f3xima vez que entre en el servicio el usuario tendr\u00e1 que iniciar sesi\u00f3n<br>para estar identificado.<\/li>\n\n\n\n<li>Comprobar si el usuario est\u00e1 autorizado para acceder a ciertos servicios, por<br>ejemplo, para participar en un concurso.<br>Adicionalmente, algunos servicios pueden utilizar conectores con redes sociales<br>tales como Facebook o Twitter. Cuando el usuario se registra en un servicio con<br>credenciales de una red social, autoriza a la red social a guardar una Cookie<br>persistente que recuerda su identidad y le garantiza acceso a los servicios hasta<br>que expira. El usuario puede borrar esta Cookie y revocar el acceso a los servicios<br>mediante redes sociales actualizando sus preferencias en la red social que<br>espec\u00edfica.<br>Cookies anal\u00edticas<br>Cada vez que un usuario visita un servicio, una herramienta de un proveedor<br>externo genera una cookie anal\u00edtica en el ordenador del usuario. Esta cookie que<\/li>\n<\/ul>\n\n\n\n<p>s\u00f3lo se genera en la visita, servir\u00e1 en pr\u00f3ximas visitas a los servicios de JENNIFER<br>DOMENECH PULIDO, NOELIA MATA GALVE, MARTA QUERALT P\u00c9REZ para<br>identificar de forma an\u00f3nima al visitante. Los objetivos principales que se<br>persiguen son:<\/p>\n\n\n\n<p><br><strong>Cookies de rendimiento<br><\/strong>Este tipo de Cookie recuerda sus preferencias para las herramientas que se<br>encuentran en los servicios, por lo que no tiene que volver a configurar el servicio<br>cada vez que usted visita. A modo de ejemplo, en esta tipolog\u00eda se incluyen:<br>Ajustes de volumen de reproductores de v\u00eddeo o sonido. Las velocidades de<br>transmisi\u00f3n de v\u00eddeo que sean compatibles con su navegador. Los objetos<br>guardados en el \u201ccarrito de la compra\u201d en los servicios de e-commerce tales<br>como tiendas.<br><\/p>\n\n\n\n<p><strong>Cookies de geo-localizaci\u00f3n<br><\/strong>Estas cookies son utilizadas para averiguar en qu\u00e9 pa\u00eds se encuentra cuando se<br>solicita un servicio. Esta cookie es totalmente an\u00f3nima, y s\u00f3lo se utiliza para<br>ayudar a orientar el contenido a su ubicaci\u00f3n.<br><\/p>\n\n\n\n<p><strong>Cookies de registro<br><\/strong>Las cookies de registro se generan una vez que el usuario se ha registrado o<br>posteriormente ha abierto su sesi\u00f3n, y se utilizan para identificarle en los<br>servicios con los siguientes objetivos:<\/p>\n\n\n\n<ul class=\"wp-block-list\">\n<li>Permitir la identificaci\u00f3n an\u00f3nima de los usuarios navegantes a trav\u00e9s de la<br>cookie (identifica navegadores y dispositivos, no personas) y por lo tanto la<br>contabilizaci\u00f3n aproximada del n\u00famero de visitantes y su tendencia en el<br>tiempo.<\/li>\n\n\n\n<li>Identificar de forma an\u00f3nima los contenidos m\u00e1s visitados y por lo tanto<br>m\u00e1s atractivos para los usuarios saber si el usuario que est\u00e1 accediendo es<br>nuevo o repite visita.<br>Importante: Salvo que el usuario decida registrarse en un servicio JENNIFER<br>DOMENECH PULIDO, NOELIA MATA GALVE, MARTA QUERALT P\u00c9REZ la cookie<br>nunca ir\u00e1 asociada a ning\u00fan dato de car\u00e1cter personal que pueda identificarle.<br>Dichas cookies s\u00f3lo ser\u00e1n utilizadas con prop\u00f3sitos estad\u00edsticos que ayuden a la<br>optimizaci\u00f3n de la experiencia de los usuarios en el sitio.<br><\/li>\n\n\n\n<li><strong>Cookies de publicidad<br><\/strong>Este tipo de cookies permiten ampliar la informaci\u00f3n de los anuncios mostrados<br>a cada usuario an\u00f3nimo en los servicios de JENNIFER DOMENECH<br>PULIDO,NOELIA MATA GALVE, MARTA QUERALT P\u00c9REZ. Entre otros, se<br>almacena la duraci\u00f3n o frecuencia de visualizaci\u00f3n de posiciones publicitarias, la<br>interacci\u00f3n con las mismas, o los patrones de navegaci\u00f3n y\/o comportamientos<br>del usuario ya que ayudan a conformar un perfil de inter\u00e9s publicitario. De este<br>modo, permiten ofrecer publicidad af\u00edn a los intereses del usuario.<br><\/li>\n\n\n\n<li><strong>Cookies publicitarias de terceros<br><\/strong>Adem\u00e1s de la publicidad gestionada por las webs JENNIFER DOMENECH<br>PULIDO, NOELIA MATA GALVE, MARTA QUERALT P\u00c9REZ en sus servicios, las<br>webs de JENNIFER DOMENECH PULIDO, NOELIA MATA GALVE, MARTA<br>QUERALT P\u00c9REZ ofrecen a sus anunciantes la opci\u00f3n de servir anuncios a trav\u00e9s<br>de terceros (\u201cAd- Servers\u201d). De este modo, estos terceros pueden almacenar<br>cookies enviadas desde los servicios JENNIFER DOMENECH PULIDO, NOELIA<br>MATA GALVE, MARTA QUERALT P\u00c9REZ procedentes de los navegadores de los<br>usuarios, as\u00ed como acceder a los datos que en ellas se guardan.<br><\/li>\n\n\n\n<li><strong>\u00bfC\u00f3mo puedo deshabilitar las cookies en mi navegador?<br><\/strong>Se pueden configurar los diferentes navegadores para avisar al usuario de la<br>recepci\u00f3n de cookies y, si se desea, impedir su instalaci\u00f3n en el equipo.<br>Asimismo, el usuario puede revisar en su navegador qu\u00e9 cookies tiene instaladas<br>y cu\u00e1l es el plazo de caducidad de las mismas, pudiendo eliminarlas.<br>Para ampliar esta informaci\u00f3n consulte las instrucciones y manuales de su<br>navegador:<\/li>\n\n\n\n<li>Para m\u00e1s informaci\u00f3n sobre la administraci\u00f3n de las cookies en Google<br>Chrome: <a href=\"https:\/\/support.google.com\/chrome\/answer\/95647?hl=es\">aqu\u00ed<\/a><\/li>\n\n\n\n<li>Para m\u00e1s informaci\u00f3n sobre la administraci\u00f3n de las cookies en Internet<br>Explore: <a href=\"https:\/\/support.microsoft.com\/es-es\/windows\/administrar-cookies-en-microsoft-edge-ver-permitir-bloquear-eliminar-y-usar-168dab11-0753-043d-7c16-ede5947fc64d\">aqu\u00ed<\/a><\/li>\n\n\n\n<li>Para m\u00e1s informaci\u00f3n sobre la administraci\u00f3n de las cookies en Mozilla<br>Firefox: <a href=\"https:\/\/support.mozilla.org\/es\/kb\/Borrar%20cookies\">aqu\u00ed<\/a><\/li>\n\n\n\n<li>Para m\u00e1s informaci\u00f3n sobre la administraci\u00f3n de las cookies en Safari: <a href=\"https:\/\/support.apple.com\/es-es\/guide\/safari\/ibrw850f6c51\/17.0\/mac\/14.0\">aqu\u00ed<\/a><\/li>\n\n\n\n<li>Para m\u00e1s informaci\u00f3n sobre la administraci\u00f3n de las cookies en Opera: <a href=\"https:\/\/help.opera.com\/en\/latest\/web-preferences\/\">aqu\u00ed<\/a><\/li>\n\n\n\n<li>Si desea dejar de ser seguido por Google Analytics visite: <a href=\"https:\/\/support.google.com\/analytics\/answer\/9304776?hl=es#zippy=%2Csecciones-de-este-art%C3%ADculo\">aqu\u00ed<\/a><\/li>\n<\/ul>\n","protected":false},"excerpt":{"rendered":"<p>En esta web se utilizan cookies de terceros y propias para conseguir que tengasuna mejor experiencia de navegaci\u00f3n, puedas compartir contenido en redessociales y para que podamos obtener estad\u00edsticas de los usuarios.Puedes evitar la descarga de cookies a trav\u00e9s de la configuraci\u00f3n de tunavegador, evitando que las cookies se almacenen en su dispositivo.Como propietario de [&hellip;]<\/p>\n","protected":false},"author":1,"featured_media":0,"parent":0,"menu_order":0,"comment_status":"closed","ping_status":"closed","template":"","meta":{"footnotes":""},"class_list":["post-248","page","type-page","status-publish","hentry"],"_links":{"self":[{"href":"https:\/\/centroeunoia.com\/index.php\/wp-json\/wp\/v2\/pages\/248","targetHints":{"allow":["GET"]}}],"collection":[{"href":"https:\/\/centroeunoia.com\/index.php\/wp-json\/wp\/v2\/pages"}],"about":[{"href":"https:\/\/centroeunoia.com\/index.php\/wp-json\/wp\/v2\/types\/page"}],"author":[{"embeddable":true,"href":"https:\/\/centroeunoia.com\/index.php\/wp-json\/wp\/v2\/users\/1"}],"replies":[{"embeddable":true,"href":"https:\/\/centroeunoia.com\/index.php\/wp-json\/wp\/v2\/comments?post=248"}],"version-history":[{"count":2,"href":"https:\/\/centroeunoia.com\/index.php\/wp-json\/wp\/v2\/pages\/248\/revisions"}],"predecessor-version":[{"id":251,"href":"https:\/\/centroeunoia.com\/index.php\/wp-json\/wp\/v2\/pages\/248\/revisions\/251"}],"wp:attachment":[{"href":"https:\/\/centroeunoia.com\/index.php\/wp-json\/wp\/v2\/media?parent=248"}],"curies":[{"name":"wp","href":"https:\/\/api.w.org\/{rel}","templated":true}]}}