{"id":236,"date":"2024-06-24T13:40:20","date_gmt":"2024-06-24T11:40:20","guid":{"rendered":"https:\/\/centroeunoia.com\/?page_id=236"},"modified":"2024-06-24T13:40:20","modified_gmt":"2024-06-24T11:40:20","slug":"aviso-legal","status":"publish","type":"page","link":"https:\/\/centroeunoia.com\/index.php\/aviso-legal\/","title":{"rendered":"Aviso Legal"},"content":{"rendered":"\n<p>El presente Aviso Legal regula el uso del servicio del portal de Internet con<br>direcci\u00f3n , cuyo responsable a efectos identificativos es:<\/p>\n\n\n\n<ul class=\"wp-block-list\">\n<li>Responsable: JENNIFER DOMENECH PULIDO, NOELIA MATA GALVE, MARTA<br>QUERALT P\u00c9REZ<\/li>\n\n\n\n<li>NIF: 21686077K\/ 53251936J\/ 45912973M<\/li>\n\n\n\n<li>Direcci\u00f3n: C\/ SANTA GENOVEVA TORRES, N\u00ba 26, BAJO IZQ<\/li>\n\n\n\n<li>Tel\u00e9fono: 614376046<\/li>\n\n\n\n<li>Mail:JENNIFER.DOMENECH@CENTROEUNOIA.COM<br>NOELIA.MATA@CENOTREUNOIA.COM<br>MARTA.QUERALT@CENTROEUNOIA.COM<\/li>\n<\/ul>\n\n\n\n<h2 class=\"wp-block-heading\">Legislaci\u00f3n<\/h2>\n\n\n\n<p>Con car\u00e1cter general las relaciones entre JENNIFER DOMENECH PULIDO,<br>NOELIA MATA GALVE, MARTA QUERALT P\u00c9REZ con los Usuarios de sus servicios<br>telem\u00e1ticos, presentes en la web, se encuentran sometidas a la legislaci\u00f3n y<br>jurisdicci\u00f3n espa\u00f1olas.<br>Las partes renuncian expresamente al fuero que les pudiera corresponder y<br>someten expresamente a los Juzgados y Tribunales de VAL\u00c8NCIA para resolver<br>cualquier controversia que pudiera surgir en la interpretaci\u00f3n o ejecuci\u00f3n de las<br>presentes condiciones contractuales.<\/p>\n\n\n\n<h2 class=\"wp-block-heading\">Contenido y uso<\/h2>\n\n\n\n<p>El Usuario queda informado, y acepta, que el acceso a la presente web no<br>supone, en modo alguno, el inicio de una relaci\u00f3n comercial con JENNIFER<br>DOMENECH PULIDO, NOELIA MATA GALVE, MARTA QUERALT P\u00c9REZ.<br>El titular del web no se identifica con las opiniones vertidas en el mismo por sus<br>colaboradores. La Empresa se reserva el derecho de efectuar sin previo aviso las<br>modificaciones que considere oportunas en su Web, pudiendo cambiar,<br>suprimir o a\u00f1adir tanto los contenidos y servicios que se presten a trav\u00e9s de la<br>misma como la forma en la que \u00e9stos aparezcan presentados o localizados en<br>sus servidores.<\/p>\n\n\n\n<h2 class=\"wp-block-heading\">Propiedad intelectual e industrial<\/h2>\n\n\n\n<p>Los derechos de propiedad intelectual del contenido de las p\u00e1ginas web, su<br>dise\u00f1o gr\u00e1fico y c\u00f3digos son titularidad de JENNIFER DOMENECH PULIDO,<br>NOELIA MATA GALVE, MARTA QUERALT P\u00c9REZ. y, por tanto, queda prohibida su<br>reproducci\u00f3n, distribuci\u00f3n, comunicaci\u00f3n p\u00fablica, transformaci\u00f3n o cualquier<br>otra actividad que se pueda realizar con los contenidos de sus p\u00e1ginas web ni<br>aun citando las fuentes, salvo consentimiento por escrito de JENNIFER<br>DOMENECH PULIDO, NOELIA MATA GALVE, MARTA QUERALT P\u00c9REZ.<\/p>\n\n\n\n<p>Todos los nombres comerciales, marcas o signos distintos de cualquier clase<br>contenidos en las p\u00e1ginas web de la Empresa son propiedad de sus due\u00f1os y<br>est\u00e1n protegidos por ley.<\/p>\n\n\n\n<h2 class=\"wp-block-heading\">Enlaces (Links)<\/h2>\n\n\n\n<p>La presencia de enlaces (links) en las p\u00e1ginas web de JENNIFER DOMENECH<br>PULIDO, NOELIA MATA GALVE, MARTA QUERALT P\u00c9REZ. tiene finalidad<br>meramente informativa y en ning\u00fan caso supone sugerencia, invitaci\u00f3n o<br>recomendaci\u00f3n sobre los mismos.<\/p>\n","protected":false},"excerpt":{"rendered":"<p>El presente Aviso Legal regula el uso del servicio del portal de Internet condirecci\u00f3n , cuyo responsable a efectos identificativos es: Legislaci\u00f3n Con car\u00e1cter general las relaciones entre JENNIFER DOMENECH PULIDO,NOELIA MATA GALVE, MARTA QUERALT P\u00c9REZ con los Usuarios de sus serviciostelem\u00e1ticos, presentes en la web, se encuentran sometidas a la legislaci\u00f3n yjurisdicci\u00f3n espa\u00f1olas.Las partes [&hellip;]<\/p>\n","protected":false},"author":1,"featured_media":0,"parent":0,"menu_order":0,"comment_status":"closed","ping_status":"closed","template":"","meta":{"footnotes":""},"class_list":["post-236","page","type-page","status-publish","hentry"],"_links":{"self":[{"href":"https:\/\/centroeunoia.com\/index.php\/wp-json\/wp\/v2\/pages\/236","targetHints":{"allow":["GET"]}}],"collection":[{"href":"https:\/\/centroeunoia.com\/index.php\/wp-json\/wp\/v2\/pages"}],"about":[{"href":"https:\/\/centroeunoia.com\/index.php\/wp-json\/wp\/v2\/types\/page"}],"author":[{"embeddable":true,"href":"https:\/\/centroeunoia.com\/index.php\/wp-json\/wp\/v2\/users\/1"}],"replies":[{"embeddable":true,"href":"https:\/\/centroeunoia.com\/index.php\/wp-json\/wp\/v2\/comments?post=236"}],"version-history":[{"count":1,"href":"https:\/\/centroeunoia.com\/index.php\/wp-json\/wp\/v2\/pages\/236\/revisions"}],"predecessor-version":[{"id":237,"href":"https:\/\/centroeunoia.com\/index.php\/wp-json\/wp\/v2\/pages\/236\/revisions\/237"}],"wp:attachment":[{"href":"https:\/\/centroeunoia.com\/index.php\/wp-json\/wp\/v2\/media?parent=236"}],"curies":[{"name":"wp","href":"https:\/\/api.w.org\/{rel}","templated":true}]}}