{"id":138,"date":"2024-05-19T00:33:20","date_gmt":"2024-05-18T22:33:20","guid":{"rendered":"http:\/\/centroeunoia.com\/?page_id=138"},"modified":"2024-05-30T12:12:12","modified_gmt":"2024-05-30T10:12:12","slug":"marta-queralt-perez","status":"publish","type":"page","link":"https:\/\/centroeunoia.com\/index.php\/marta-queralt-perez\/","title":{"rendered":"Marta Queralt P\u00e9rez"},"content":{"rendered":"\n<p class=\"has-text-align-center\">COLCV 461249<\/p>\n\n\n\n<div style=\"height:20px\" aria-hidden=\"true\" class=\"wp-block-spacer\"><\/div>\n\n\n\n<div class=\"wp-block-group alignfull has-custom-crema-eunoia-color has-custom-verde-eunoia-oscuro-background-color has-text-color has-background has-link-color wp-elements-cc0e9cc8d17758755824a6d291df4b17 has-global-padding is-layout-constrained wp-container-core-group-is-layout-669513ed wp-block-group-is-layout-constrained\" style=\"margin-top:0;margin-bottom:0;padding-top:var(--wp--preset--spacing--50);padding-right:var(--wp--preset--spacing--50);padding-bottom:var(--wp--preset--spacing--50);padding-left:var(--wp--preset--spacing--50)\">\n<div class=\"wp-block-columns alignwide is-layout-flex wp-container-core-columns-is-layout-1da03c2a wp-block-columns-is-layout-flex\">\n<div class=\"wp-block-column is-vertically-aligned-stretch is-layout-flow wp-block-column-is-layout-flow\" style=\"flex-basis:50%\">\n<div class=\"wp-block-group is-vertical is-content-justification-stretch is-layout-flex wp-container-core-group-is-layout-444d5ee8 wp-block-group-is-layout-flex\" style=\"min-height:100%\">\n<p class=\"has-hk-grotesk-font-family\" style=\"font-size:clamp(0.984rem, 0.984rem + ((1vw - 0.2rem) * 0.86), 1.5rem);font-style:normal;font-weight:400\">Con casi 10 a\u00f1os de experiencia trabajando en poblaci\u00f3n infanto-juvenil y adultos, estos me han ense\u00f1ado que cada d\u00eda es un aprendizaje nuevo, y que<strong> la vida es un aprendizaje constante<\/strong>. En lo profesional, para m\u00ed es muy importante la cercan\u00eda, la confianza y establecer un v\u00ednculo afectivo con cada paciente para que la intervenci\u00f3n sea lo m\u00e1s efectiva posible. Soy logopeda de vocaci\u00f3n y me encanta mi profesi\u00f3n, para m\u00ed es muy gratificante ayudar y acompa\u00f1ar a cada paciente, a cada ni\u00f1o y a sus familias a mejorar en su d\u00eda a d\u00eda.<\/p>\n\n\n\n<p><\/p>\n<\/div>\n<\/div>\n\n\n\n<div class=\"wp-block-column is-vertically-aligned-top is-layout-flow wp-block-column-is-layout-flow\" style=\"flex-basis:50%\">\n<figure class=\"wp-block-image size-large is-resized is-style-rounded is-style-rounded--1\"><img loading=\"lazy\" decoding=\"async\" width=\"1024\" height=\"683\" src=\"https:\/\/centroeunoia.com\/wp-content\/uploads\/2024\/05\/Sobre-Marta--1024x683.jpg\" alt=\"\" class=\"wp-image-216\" style=\"aspect-ratio:0.75;object-fit:cover;width:478px;height:auto\" srcset=\"https:\/\/centroeunoia.com\/wp-content\/uploads\/2024\/05\/Sobre-Marta--1024x683.jpg 1024w, https:\/\/centroeunoia.com\/wp-content\/uploads\/2024\/05\/Sobre-Marta--300x200.jpg 300w, https:\/\/centroeunoia.com\/wp-content\/uploads\/2024\/05\/Sobre-Marta--768x512.jpg 768w, https:\/\/centroeunoia.com\/wp-content\/uploads\/2024\/05\/Sobre-Marta--1536x1024.jpg 1536w, https:\/\/centroeunoia.com\/wp-content\/uploads\/2024\/05\/Sobre-Marta--2048x1366.jpg 2048w\" sizes=\"auto, (max-width: 1024px) 100vw, 1024px\" \/><figcaption class=\"wp-element-caption\">Psicologa jennifer domenech pulido<\/figcaption><\/figure>\n<\/div>\n<\/div>\n<\/div>\n\n\n\n<div style=\"height:50px\" aria-hidden=\"true\" class=\"wp-block-spacer\"><\/div>\n\n\n\n<blockquote class=\"wp-block-quote is-layout-flow wp-block-quote-is-layout-flow\">\n<ul class=\"wp-block-list\">\n<li style=\"font-size:clamp(0.984rem, 0.984rem + ((1vw - 0.2rem) * 0.86), 1.5rem);font-style:normal;font-weight:400\" class=\"has-hk-grotesk-font-family\">Graduada en Logopedia por la Universidad de Valencia.<\/li>\n\n\n\n<li style=\"font-size:clamp(0.984rem, 0.984rem + ((1vw - 0.2rem) * 0.86), 1.5rem);font-style:normal;font-weight:400\" class=\"has-hk-grotesk-font-family\">M\u00e1ster en Trastornos del Lenguaje y la Audici\u00f3n, por la Universidad San Jorge-Zaragoza.<\/li>\n\n\n\n<li style=\"font-size:clamp(0.984rem, 0.984rem + ((1vw - 0.2rem) * 0.86), 1.5rem);font-style:normal;font-weight:400\" class=\"has-hk-grotesk-font-family\">Experto Universitario en Trastornos del Espectro Autista por la Universidad de Valencia y la Fundaci\u00f3n Universidad Empresa, ADEIT.<\/li>\n\n\n\n<li style=\"font-size:clamp(0.984rem, 0.984rem + ((1vw - 0.2rem) * 0.86), 1.5rem);font-style:normal;font-weight:400\" class=\"has-hk-grotesk-font-family\">Acreditaci\u00f3n cl\u00ednica en el diagn\u00f3stico del Trastorno del Espectro Autista: ADOS &#8211; 2 y ADI-R por el Instituto Global de Atenci\u00f3n Integral de Neurodesarrollo. <\/li>\n\n\n\n<li style=\"font-size:clamp(0.984rem, 0.984rem + ((1vw - 0.2rem) * 0.86), 1.5rem);font-style:normal;font-weight:400\" class=\"has-hk-grotesk-font-family\">En formaci\u00f3n continua en diversas \u00e1reas relacionadas con la logopedia: lenguaje natural asistido, motricidad orofacial, trastornos de los sonidos del habla, trastornos del neurodesarrollo (TDL, TEA, TDAH), trastornos de la voz, trastornos del aprendizaje y trastornos neurodegenerativos entre otros.<\/li>\n<\/ul>\n<\/blockquote>\n\n\n\n<div class=\"wp-block-group alignfull has-custom-crema-eunoia-background-color has-background has-global-padding is-layout-constrained wp-container-core-group-is-layout-d89aad35 wp-block-group-is-layout-constrained\" style=\"margin-top:0;margin-bottom:0;padding-top:var(--wp--preset--spacing--50);padding-right:var(--wp--preset--spacing--50);padding-bottom:var(--wp--preset--spacing--50);padding-left:var(--wp--preset--spacing--50)\">\n<div class=\"wp-block-columns alignwide is-layout-flex wp-container-core-columns-is-layout-1da03c2a wp-block-columns-is-layout-flex\">\n<div class=\"wp-block-column is-vertically-aligned-center is-layout-flow wp-block-column-is-layout-flow\" style=\"flex-basis:60%\">\n<figure class=\"wp-block-image alignright size-full is-resized is-style-rounded wp-duotone-unset-3 is-style-rounded--2\"><img loading=\"lazy\" decoding=\"async\" width=\"2560\" height=\"1440\" src=\"http:\/\/centroeunoia.com\/wp-content\/uploads\/2024\/05\/pexels-tatianasyrikova-3975589-edited-scaled.jpg\" alt=\"\" class=\"wp-image-124\" style=\"aspect-ratio:1.3333333333333333;object-fit:cover;width:561px;height:auto\" srcset=\"https:\/\/centroeunoia.com\/wp-content\/uploads\/2024\/05\/pexels-tatianasyrikova-3975589-edited-scaled.jpg 2560w, https:\/\/centroeunoia.com\/wp-content\/uploads\/2024\/05\/pexels-tatianasyrikova-3975589-edited-300x169.jpg 300w, https:\/\/centroeunoia.com\/wp-content\/uploads\/2024\/05\/pexels-tatianasyrikova-3975589-edited-1024x576.jpg 1024w, https:\/\/centroeunoia.com\/wp-content\/uploads\/2024\/05\/pexels-tatianasyrikova-3975589-edited-768x432.jpg 768w, https:\/\/centroeunoia.com\/wp-content\/uploads\/2024\/05\/pexels-tatianasyrikova-3975589-edited-1536x864.jpg 1536w, https:\/\/centroeunoia.com\/wp-content\/uploads\/2024\/05\/pexels-tatianasyrikova-3975589-edited-2048x1152.jpg 2048w\" sizes=\"auto, (max-width: 2560px) 100vw, 2560px\" \/><\/figure>\n<\/div>\n\n\n\n<div class=\"wp-block-column is-layout-flow wp-block-column-is-layout-flow\" style=\"flex-basis:40%\">\n<h2 class=\"wp-block-heading\">\u00bfQuieres hablar con Marta?<\/h2>\n\n\n\n<p>Escr\u00edbele a <strong>marta.queralt@centroeunoia.com<\/strong> o bien contacta al centro!<\/p>\n\n\n\n<div class=\"wp-block-buttons is-layout-flex wp-block-buttons-is-layout-flex\">\n<div class=\"wp-block-button\"><a class=\"wp-block-button__link wp-element-button\" href=\"#contactanos\">Contacta al centro<\/a><\/div>\n<\/div>\n<\/div>\n<\/div>\n<\/div>\n\n\n\n<div class=\"wp-block-group alignfull has-custom-crema-eunoia-color has-custom-verde-eunoia-oscuro-background-color has-text-color has-background has-link-color wp-elements-f2a8e28292c05ca5c558aa7bd7185d69 has-global-padding is-layout-constrained wp-container-core-group-is-layout-669513ed wp-block-group-is-layout-constrained\" id=\"equipo\" style=\"margin-top:0;margin-bottom:0;padding-top:var(--wp--preset--spacing--50);padding-right:var(--wp--preset--spacing--50);padding-bottom:var(--wp--preset--spacing--50);padding-left:var(--wp--preset--spacing--50)\">\n<div class=\"wp-block-group is-vertical is-content-justification-center is-layout-flex wp-container-core-group-is-layout-ce155fab wp-block-group-is-layout-flex\">\n<h2 class=\"wp-block-heading has-text-align-center has-custom-crema-eunoia-color has-text-color has-link-color has-arsenica-trial-font-family has-xx-large-font-size wp-elements-1b8c1954d1e40ae537c280cced1c994f\">Conoce a nuestro equipo<\/h2>\n\n\n\n<p class=\"has-text-align-center\">Prestamos servicios de psicolog\u00eda y logopedia tanto de forma <strong>presencial<\/strong> como <strong>on-line<\/strong>.<\/p>\n<\/div>\n\n\n\n<div style=\"height:var(--wp--preset--spacing--30)\" aria-hidden=\"true\" class=\"wp-block-spacer\"><\/div>\n\n\n\n<div class=\"wp-block-columns alignwide is-layout-flex wp-container-core-columns-is-layout-4935966c wp-block-columns-is-layout-flex\" style=\"padding-right:0;padding-left:0\">\n<div class=\"wp-block-column is-layout-flow wp-block-column-is-layout-flow\">\n<figure class=\"wp-block-image size-full is-style-rounded is-style-rounded--4\"><a href=\"http:\/\/centroeunoia.com\/index.php\/jennifer-domenech-pulido\/\"><img loading=\"lazy\" decoding=\"async\" width=\"1707\" height=\"2560\" src=\"http:\/\/centroeunoia.com\/wp-content\/uploads\/2024\/05\/Eunoia-25-scaled.jpg\" alt=\"\" class=\"wp-image-78\" style=\"aspect-ratio:1;object-fit:cover\" srcset=\"https:\/\/centroeunoia.com\/wp-content\/uploads\/2024\/05\/Eunoia-25-scaled.jpg 1707w, https:\/\/centroeunoia.com\/wp-content\/uploads\/2024\/05\/Eunoia-25-200x300.jpg 200w, https:\/\/centroeunoia.com\/wp-content\/uploads\/2024\/05\/Eunoia-25-683x1024.jpg 683w, https:\/\/centroeunoia.com\/wp-content\/uploads\/2024\/05\/Eunoia-25-768x1152.jpg 768w, https:\/\/centroeunoia.com\/wp-content\/uploads\/2024\/05\/Eunoia-25-1024x1536.jpg 1024w, https:\/\/centroeunoia.com\/wp-content\/uploads\/2024\/05\/Eunoia-25-1366x2048.jpg 1366w\" sizes=\"auto, (max-width: 1707px) 100vw, 1707px\" \/><\/a><\/figure>\n\n\n\n<div class=\"wp-block-group is-vertical is-content-justification-center is-nowrap is-layout-flex wp-container-core-group-is-layout-21d4e958 wp-block-group-is-layout-flex\">\n<p class=\"has-text-align-center has-small-font-size\"><strong>Jennifer Dom\u00e9nech Pulido<\/strong><\/p>\n\n\n\n<p class=\"has-text-align-center has-small-font-size\">Psic\u00f3loga General Sanitaria<\/p>\n\n\n\n<div style=\"height:0px\" aria-hidden=\"true\" class=\"wp-block-spacer wp-container-content-62aae154\"><\/div>\n\n\n\n<div class=\"wp-block-buttons is-layout-flex wp-block-buttons-is-layout-flex\">\n<div class=\"wp-block-button\"><a class=\"wp-block-button__link has-custom-verde-eunoia-oscuro-color has-custom-crema-eunoia-background-color has-text-color has-background has-link-color wp-element-button\" href=\"http:\/\/centroeunoia.com\/index.php\/jennifer-domenech-pulido\/\">+ sobre Jennifer<\/a><\/div>\n<\/div>\n<\/div>\n<\/div>\n\n\n\n<div class=\"wp-block-column is-layout-flow wp-block-column-is-layout-flow\">\n<figure class=\"wp-block-image size-full is-style-rounded is-style-rounded--5\"><a href=\"http:\/\/centroeunoia.com\/index.php\/noelia-mata-galve\/\"><img loading=\"lazy\" decoding=\"async\" width=\"1707\" height=\"2560\" src=\"http:\/\/centroeunoia.com\/wp-content\/uploads\/2024\/05\/Eunoia-13-scaled.jpg\" alt=\"\" class=\"wp-image-73\" style=\"aspect-ratio:1;object-fit:cover\" srcset=\"https:\/\/centroeunoia.com\/wp-content\/uploads\/2024\/05\/Eunoia-13-scaled.jpg 1707w, https:\/\/centroeunoia.com\/wp-content\/uploads\/2024\/05\/Eunoia-13-200x300.jpg 200w, https:\/\/centroeunoia.com\/wp-content\/uploads\/2024\/05\/Eunoia-13-683x1024.jpg 683w, https:\/\/centroeunoia.com\/wp-content\/uploads\/2024\/05\/Eunoia-13-768x1152.jpg 768w, https:\/\/centroeunoia.com\/wp-content\/uploads\/2024\/05\/Eunoia-13-1024x1536.jpg 1024w, https:\/\/centroeunoia.com\/wp-content\/uploads\/2024\/05\/Eunoia-13-1365x2048.jpg 1365w\" sizes=\"auto, (max-width: 1707px) 100vw, 1707px\" \/><\/a><\/figure>\n\n\n\n<div class=\"wp-block-group is-vertical is-content-justification-center is-nowrap is-layout-flex wp-container-core-group-is-layout-63bfd6c1 wp-block-group-is-layout-flex\">\n<p class=\"has-text-align-center has-small-font-size\"><strong>Noelia Mata Galve<\/strong><\/p>\n\n\n\n<p class=\"has-text-align-center has-small-font-size\">Psic\u00f3loga General Sanitaria<\/p>\n<\/div>\n\n\n\n<div class=\"wp-block-buttons is-content-justification-center is-layout-flex wp-container-core-buttons-is-layout-a89b3969 wp-block-buttons-is-layout-flex\">\n<div class=\"wp-block-button\"><a class=\"wp-block-button__link has-custom-verde-eunoia-oscuro-color has-custom-crema-eunoia-background-color has-text-color has-background has-link-color wp-element-button\" href=\"http:\/\/centroeunoia.com\/index.php\/noelia-mata-galve\/\">+ sobre Noelia<\/a><\/div>\n<\/div>\n<\/div>\n\n\n\n<div class=\"wp-block-column is-layout-flow wp-block-column-is-layout-flow\">\n<figure class=\"wp-block-image size-full is-style-rounded is-style-rounded--6\"><img loading=\"lazy\" decoding=\"async\" width=\"1707\" height=\"2560\" src=\"https:\/\/centroeunoia.com\/wp-content\/uploads\/2024\/05\/Principal-Marta-1-3-scaled.jpg\" alt=\"\" class=\"wp-image-224\" style=\"aspect-ratio:1;object-fit:cover\" srcset=\"https:\/\/centroeunoia.com\/wp-content\/uploads\/2024\/05\/Principal-Marta-1-3-scaled.jpg 1707w, https:\/\/centroeunoia.com\/wp-content\/uploads\/2024\/05\/Principal-Marta-1-3-200x300.jpg 200w, https:\/\/centroeunoia.com\/wp-content\/uploads\/2024\/05\/Principal-Marta-1-3-683x1024.jpg 683w, https:\/\/centroeunoia.com\/wp-content\/uploads\/2024\/05\/Principal-Marta-1-3-768x1152.jpg 768w, https:\/\/centroeunoia.com\/wp-content\/uploads\/2024\/05\/Principal-Marta-1-3-1024x1536.jpg 1024w, https:\/\/centroeunoia.com\/wp-content\/uploads\/2024\/05\/Principal-Marta-1-3-1366x2048.jpg 1366w\" sizes=\"auto, (max-width: 1707px) 100vw, 1707px\" \/><\/figure>\n\n\n\n<div class=\"wp-block-group is-vertical is-content-justification-center is-nowrap is-layout-flex wp-container-core-group-is-layout-63bfd6c1 wp-block-group-is-layout-flex\">\n<p class=\"has-text-align-center has-small-font-size\"><strong>Marta Queralt P\u00e9rez<\/strong><\/p>\n\n\n\n<p class=\"has-text-align-center has-small-font-size\">Logopeda<\/p>\n<\/div>\n\n\n\n<div class=\"wp-block-buttons is-content-justification-center is-layout-flex wp-container-core-buttons-is-layout-a89b3969 wp-block-buttons-is-layout-flex\">\n<div class=\"wp-block-button\"><a class=\"wp-block-button__link has-custom-verde-eunoia-oscuro-color has-custom-crema-eunoia-background-color has-text-color has-background has-link-color wp-element-button\" href=\"http:\/\/centroeunoia.com\/index.php\/marta-queralt-perez\/\">+ sobre Marta<\/a><\/div>\n<\/div>\n<\/div>\n<\/div>\n<\/div>\n","protected":false},"excerpt":{"rendered":"<p>COLCV 461249 Con casi 10 a\u00f1os de experiencia trabajando en poblaci\u00f3n infanto-juvenil y adultos, estos me han ense\u00f1ado que cada d\u00eda es un aprendizaje nuevo, y que la vida es un aprendizaje constante. En lo profesional, para m\u00ed es muy importante la cercan\u00eda, la confianza y establecer un v\u00ednculo afectivo con cada paciente para que [&hellip;]<\/p>\n","protected":false},"author":1,"featured_media":0,"parent":0,"menu_order":0,"comment_status":"closed","ping_status":"closed","template":"","meta":{"footnotes":""},"class_list":["post-138","page","type-page","status-publish","hentry"],"_links":{"self":[{"href":"https:\/\/centroeunoia.com\/index.php\/wp-json\/wp\/v2\/pages\/138","targetHints":{"allow":["GET"]}}],"collection":[{"href":"https:\/\/centroeunoia.com\/index.php\/wp-json\/wp\/v2\/pages"}],"about":[{"href":"https:\/\/centroeunoia.com\/index.php\/wp-json\/wp\/v2\/types\/page"}],"author":[{"embeddable":true,"href":"https:\/\/centroeunoia.com\/index.php\/wp-json\/wp\/v2\/users\/1"}],"replies":[{"embeddable":true,"href":"https:\/\/centroeunoia.com\/index.php\/wp-json\/wp\/v2\/comments?post=138"}],"version-history":[{"count":18,"href":"https:\/\/centroeunoia.com\/index.php\/wp-json\/wp\/v2\/pages\/138\/revisions"}],"predecessor-version":[{"id":244,"href":"https:\/\/centroeunoia.com\/index.php\/wp-json\/wp\/v2\/pages\/138\/revisions\/244"}],"wp:attachment":[{"href":"https:\/\/centroeunoia.com\/index.php\/wp-json\/wp\/v2\/media?parent=138"}],"curies":[{"name":"wp","href":"https:\/\/api.w.org\/{rel}","templated":true}]}}