{"id":136,"date":"2024-05-19T00:46:04","date_gmt":"2024-05-18T22:46:04","guid":{"rendered":"http:\/\/centroeunoia.com\/?page_id=136"},"modified":"2024-05-19T22:45:57","modified_gmt":"2024-05-19T20:45:57","slug":"noelia-mata-galve","status":"publish","type":"page","link":"https:\/\/centroeunoia.com\/index.php\/noelia-mata-galve\/","title":{"rendered":"Noelia Mata Galve"},"content":{"rendered":"\n<p class=\"has-text-align-center\">Psic\u00f3loga General Sanitaria CV 17409<\/p>\n\n\n\n<div style=\"height:20px\" aria-hidden=\"true\" class=\"wp-block-spacer\"><\/div>\n\n\n\n<div class=\"wp-block-group alignfull has-custom-crema-eunoia-color has-custom-verde-eunoia-oscuro-background-color has-text-color has-background has-link-color wp-elements-e4311ae905dcbfc0b21e24b18031a20b has-global-padding is-layout-constrained wp-container-core-group-is-layout-669513ed wp-block-group-is-layout-constrained\" style=\"margin-top:0;margin-bottom:0;padding-top:var(--wp--preset--spacing--50);padding-right:var(--wp--preset--spacing--50);padding-bottom:var(--wp--preset--spacing--50);padding-left:var(--wp--preset--spacing--50)\">\n<div class=\"wp-block-columns alignwide is-layout-flex wp-container-core-columns-is-layout-1da03c2a wp-block-columns-is-layout-flex\">\n<div class=\"wp-block-column is-vertically-aligned-stretch is-layout-flow wp-block-column-is-layout-flow\" style=\"flex-basis:50%\">\n<div class=\"wp-block-group is-vertical is-content-justification-stretch is-layout-flex wp-container-core-group-is-layout-444d5ee8 wp-block-group-is-layout-flex\" style=\"min-height:100%\">\n<p style=\"font-size:clamp(0.984em, 0.984rem + ((1vw - 0.2em) * 0.86), 1.5em);\">Ser psic\u00f3loga ha sido vocacional. Quer\u00eda entender el funcionamiento de nuestro cerebro para comprender el por qu\u00e9 de nuestras conductas.<br>Considero que soy una persona optimista, luchadora y constante, y que estas cualidades me han ayudado a alcanzar las metas que me he propuesto.<br>En terapia me caracterizo por ser cercana, honesta y respetuosa.<br>Para m\u00ed, ser psic\u00f3loga implica <strong>entender, ayudar, guiar y motivar al cambio<\/strong>, es ir m\u00e1s all\u00e1 de lo que se ve.<\/p>\n<\/div>\n<\/div>\n\n\n\n<div class=\"wp-block-column is-vertically-aligned-top is-layout-flow wp-block-column-is-layout-flow\" style=\"flex-basis:50%\">\n<figure class=\"wp-block-image size-large is-style-rounded is-style-rounded--1\"><img loading=\"lazy\" decoding=\"async\" width=\"1024\" height=\"683\" src=\"https:\/\/centroeunoia.com\/wp-content\/uploads\/2024\/05\/Eunoia-4-1024x683.jpg\" alt=\"\" class=\"wp-image-214\" style=\"aspect-ratio:3\/4;object-fit:cover\" srcset=\"https:\/\/centroeunoia.com\/wp-content\/uploads\/2024\/05\/Eunoia-4-1024x683.jpg 1024w, https:\/\/centroeunoia.com\/wp-content\/uploads\/2024\/05\/Eunoia-4-300x200.jpg 300w, https:\/\/centroeunoia.com\/wp-content\/uploads\/2024\/05\/Eunoia-4-768x512.jpg 768w, https:\/\/centroeunoia.com\/wp-content\/uploads\/2024\/05\/Eunoia-4-1536x1024.jpg 1536w, https:\/\/centroeunoia.com\/wp-content\/uploads\/2024\/05\/Eunoia-4-2048x1366.jpg 2048w\" sizes=\"auto, (max-width: 1024px) 100vw, 1024px\" \/><figcaption class=\"wp-element-caption\">Noelia Mata Psicologa<\/figcaption><\/figure>\n<\/div>\n<\/div>\n<\/div>\n\n\n\n<div style=\"height:50px\" aria-hidden=\"true\" class=\"wp-block-spacer\"><\/div>\n\n\n\n<blockquote class=\"wp-block-quote is-layout-flow wp-block-quote-is-layout-flow\">\n<ul class=\"wp-block-list\">\n<li style=\"font-size:clamp(0.984em, 0.984rem + ((1vw - 0.2em) * 0.86), 1.5em);font-style:normal;font-weight:400\" class=\"has-hk-grotesk-font-family\">Licenciada en Psicolog\u00eda por la Universidad de Valencia.<\/li>\n\n\n\n<li style=\"font-size:clamp(0.984em, 0.984rem + ((1vw - 0.2em) * 0.86), 1.5em);font-style:normal;font-weight:400\" class=\"has-hk-grotesk-font-family\">M\u00e1ster en Intervenci\u00f3n psicol\u00f3gica en \u00e1mbitos sociales por la Universidad de Valencia.<\/li>\n\n\n\n<li style=\"font-size:clamp(0.984em, 0.984rem + ((1vw - 0.2em) * 0.86), 1.5em);font-style:normal;font-weight:400\" class=\"has-hk-grotesk-font-family\">M\u00e1ster en Psicolog\u00eda Cl\u00ednica por el Centro de Terapia de Conducta de Valencia (CETECOVA).<\/li>\n\n\n\n<li style=\"font-size:clamp(0.984em, 0.984rem + ((1vw - 0.2em) * 0.86), 1.5em);font-style:normal;font-weight:400\" class=\"has-hk-grotesk-font-family\">M\u00e1ster en Psicolog\u00eda General Sanitaria por la Universidad Europea de Valencia.<\/li>\n<\/ul>\n\n\n\n<p><\/p>\n\n\n\n<p class=\"has-hk-grotesk-font-family\" style=\"font-style:normal;font-weight:400\"><strong>Sobre mi experiencia<\/strong><\/p>\n\n\n\n<p class=\"has-hk-grotesk-font-family has-medium-font-size\" style=\"font-style:normal;font-weight:400\">En el inicio de mi camino profesional me interes\u00e9 mucho por el voluntariado, una experiencia que me sirvi\u00f3 y marc\u00f3 a nivel personal y profesional. Estuve en la Asociaci\u00f3n Alter Valencia, coordinando grupos de personas con discapacidad en el programa de ocio y tiempo libre, y durante los campamentos de verano.<\/p>\n\n\n\n<p class=\"has-hk-grotesk-font-family has-medium-font-size\" style=\"font-style:normal;font-weight:400\">Despu\u00e9s, me interes\u00f3 trabajar la terapia de grupo desde el \u00e1mbito social. Estuve en el Programa CONTEXTO, programa rehabilitador para hombres penados por violencia de g\u00e9nero coordinando varios grupos de terapia. Sin duda fue una experiencia y aprendizaje muy satisfactorio.<\/p>\n\n\n\n<p class=\"has-hk-grotesk-font-family has-medium-font-size\" style=\"font-style:normal;font-weight:400\">M\u00e1s adelante, estuve en un centro de menores, donde la mayor\u00eda de los adolescentes cumpl\u00edan una medida judicial por violencia filio-parental. Aqu\u00ed impart\u00ed un taller de prevenci\u00f3n de violencia de g\u00e9nero en adolescentes y la escuela de padres.<\/p>\n\n\n\n<p class=\"has-hk-grotesk-font-family has-medium-font-size\" style=\"font-style:normal;font-weight:400\">Despu\u00e9s, trabaj\u00e9 como Psic\u00f3loga Sanitaria en residencias de tercera edad y en cl\u00ednicas privadas, realizando terapias individuales tanto presenciales como online. He realizado sesiones de estimulaci\u00f3n cognitiva a ni\u00f1os y adultos con trastornos del neurodesarrollo y atendiendo diversas problem\u00e1ticas psicol\u00f3gicas como trastornos de ansiedad, trastornos del estado de \u00e1nimo, dificultad en las relaciones sociales y autoestima, entre otras.<\/p>\n<\/blockquote>\n\n\n\n<div class=\"wp-block-group alignfull has-custom-crema-eunoia-background-color has-background has-global-padding is-layout-constrained wp-container-core-group-is-layout-d89aad35 wp-block-group-is-layout-constrained\" style=\"margin-top:0;margin-bottom:0;padding-top:var(--wp--preset--spacing--50);padding-right:var(--wp--preset--spacing--50);padding-bottom:var(--wp--preset--spacing--50);padding-left:var(--wp--preset--spacing--50)\">\n<div class=\"wp-block-columns alignwide is-layout-flex wp-container-core-columns-is-layout-1da03c2a wp-block-columns-is-layout-flex\">\n<div class=\"wp-block-column is-vertically-aligned-center is-layout-flow wp-block-column-is-layout-flow\" style=\"flex-basis:60%\">\n<figure class=\"wp-block-image alignright size-full is-resized is-style-rounded wp-duotone-unset-3 is-style-rounded--2\"><img loading=\"lazy\" decoding=\"async\" width=\"2560\" height=\"1440\" src=\"http:\/\/centroeunoia.com\/wp-content\/uploads\/2024\/05\/pexels-tatianasyrikova-3975589-edited-scaled.jpg\" alt=\"\" class=\"wp-image-124\" style=\"aspect-ratio:1.3333333333333333;object-fit:cover;width:561px;height:auto\" srcset=\"https:\/\/centroeunoia.com\/wp-content\/uploads\/2024\/05\/pexels-tatianasyrikova-3975589-edited-scaled.jpg 2560w, https:\/\/centroeunoia.com\/wp-content\/uploads\/2024\/05\/pexels-tatianasyrikova-3975589-edited-300x169.jpg 300w, https:\/\/centroeunoia.com\/wp-content\/uploads\/2024\/05\/pexels-tatianasyrikova-3975589-edited-1024x576.jpg 1024w, https:\/\/centroeunoia.com\/wp-content\/uploads\/2024\/05\/pexels-tatianasyrikova-3975589-edited-768x432.jpg 768w, https:\/\/centroeunoia.com\/wp-content\/uploads\/2024\/05\/pexels-tatianasyrikova-3975589-edited-1536x864.jpg 1536w, https:\/\/centroeunoia.com\/wp-content\/uploads\/2024\/05\/pexels-tatianasyrikova-3975589-edited-2048x1152.jpg 2048w\" sizes=\"auto, (max-width: 2560px) 100vw, 2560px\" \/><\/figure>\n<\/div>\n\n\n\n<div class=\"wp-block-column is-layout-flow wp-block-column-is-layout-flow\" style=\"flex-basis:40%\">\n<h2 class=\"wp-block-heading\">\u00bfQuieres hablar con Noelia?<\/h2>\n\n\n\n<p>Escr\u00edbele a noelia.mata@centroeunoia.com o bien contacta al centro!<\/p>\n\n\n\n<div class=\"wp-block-buttons is-layout-flex wp-block-buttons-is-layout-flex\">\n<div class=\"wp-block-button\"><a class=\"wp-block-button__link wp-element-button\" href=\"#contactanos\">Contacta al centro<\/a><\/div>\n<\/div>\n<\/div>\n<\/div>\n<\/div>\n\n\n\n<div class=\"wp-block-group alignfull has-custom-crema-eunoia-color has-custom-verde-eunoia-oscuro-background-color has-text-color has-background has-link-color wp-elements-bff92530a8b3f5747ff5d1ca97c614ca has-global-padding is-layout-constrained wp-container-core-group-is-layout-669513ed wp-block-group-is-layout-constrained\" id=\"equipo\" style=\"margin-top:0;margin-bottom:0;padding-top:var(--wp--preset--spacing--50);padding-right:var(--wp--preset--spacing--50);padding-bottom:var(--wp--preset--spacing--50);padding-left:var(--wp--preset--spacing--50)\">\n<div class=\"wp-block-group is-vertical is-content-justification-center is-layout-flex wp-container-core-group-is-layout-ce155fab wp-block-group-is-layout-flex\">\n<h2 class=\"wp-block-heading has-text-align-center has-custom-crema-eunoia-color has-text-color has-link-color has-arsenica-trial-font-family has-xx-large-font-size wp-elements-1b8c1954d1e40ae537c280cced1c994f\">Conoce a nuestro equipo<\/h2>\n\n\n\n<p class=\"has-text-align-center\">Prestamos servicios de psicolog\u00eda y logopedia tanto de forma <strong>presencial  <\/strong>como<strong> on-line<\/strong> .<\/p>\n<\/div>\n\n\n\n<div style=\"height:var(--wp--preset--spacing--30)\" aria-hidden=\"true\" class=\"wp-block-spacer\"><\/div>\n\n\n\n<div class=\"wp-block-columns alignwide is-layout-flex wp-container-core-columns-is-layout-4935966c wp-block-columns-is-layout-flex\" style=\"padding-right:0;padding-left:0\">\n<div class=\"wp-block-column is-layout-flow wp-block-column-is-layout-flow\">\n<figure class=\"wp-block-image size-full is-style-rounded is-style-rounded--4\"><a href=\"http:\/\/centroeunoia.com\/index.php\/jennifer-domenech-pulido\/\"><img loading=\"lazy\" decoding=\"async\" width=\"1707\" height=\"2560\" src=\"http:\/\/centroeunoia.com\/wp-content\/uploads\/2024\/05\/Eunoia-25-scaled.jpg\" alt=\"\" class=\"wp-image-78\" style=\"aspect-ratio:1;object-fit:cover\" srcset=\"https:\/\/centroeunoia.com\/wp-content\/uploads\/2024\/05\/Eunoia-25-scaled.jpg 1707w, https:\/\/centroeunoia.com\/wp-content\/uploads\/2024\/05\/Eunoia-25-200x300.jpg 200w, https:\/\/centroeunoia.com\/wp-content\/uploads\/2024\/05\/Eunoia-25-683x1024.jpg 683w, https:\/\/centroeunoia.com\/wp-content\/uploads\/2024\/05\/Eunoia-25-768x1152.jpg 768w, https:\/\/centroeunoia.com\/wp-content\/uploads\/2024\/05\/Eunoia-25-1024x1536.jpg 1024w, https:\/\/centroeunoia.com\/wp-content\/uploads\/2024\/05\/Eunoia-25-1366x2048.jpg 1366w\" sizes=\"auto, (max-width: 1707px) 100vw, 1707px\" \/><\/a><\/figure>\n\n\n\n<div class=\"wp-block-group is-vertical is-content-justification-center is-nowrap is-layout-flex wp-container-core-group-is-layout-21d4e958 wp-block-group-is-layout-flex\">\n<p class=\"has-text-align-center has-small-font-size\"><strong>Jennifer Dom\u00e9nech Pulido<\/strong><\/p>\n\n\n\n<p class=\"has-text-align-center has-small-font-size\">Psic\u00f3loga General Sanitaria<\/p>\n\n\n\n<div style=\"height:0px\" aria-hidden=\"true\" class=\"wp-block-spacer wp-container-content-62aae154\"><\/div>\n\n\n\n<div class=\"wp-block-buttons is-layout-flex wp-block-buttons-is-layout-flex\">\n<div class=\"wp-block-button\"><a class=\"wp-block-button__link has-custom-verde-eunoia-oscuro-color has-custom-crema-eunoia-background-color has-text-color has-background has-link-color wp-element-button\" href=\"http:\/\/centroeunoia.com\/index.php\/jennifer-domenech-pulido\/\">+ sobre Jennifer<\/a><\/div>\n<\/div>\n<\/div>\n<\/div>\n\n\n\n<div class=\"wp-block-column is-layout-flow wp-block-column-is-layout-flow\">\n<figure class=\"wp-block-image size-full is-style-rounded is-style-rounded--5\"><a href=\"http:\/\/centroeunoia.com\/index.php\/noelia-mata-galve\/\"><img loading=\"lazy\" decoding=\"async\" width=\"1707\" height=\"2560\" src=\"http:\/\/centroeunoia.com\/wp-content\/uploads\/2024\/05\/Eunoia-13-scaled.jpg\" alt=\"\" class=\"wp-image-73\" style=\"aspect-ratio:1;object-fit:cover\" srcset=\"https:\/\/centroeunoia.com\/wp-content\/uploads\/2024\/05\/Eunoia-13-scaled.jpg 1707w, https:\/\/centroeunoia.com\/wp-content\/uploads\/2024\/05\/Eunoia-13-200x300.jpg 200w, https:\/\/centroeunoia.com\/wp-content\/uploads\/2024\/05\/Eunoia-13-683x1024.jpg 683w, https:\/\/centroeunoia.com\/wp-content\/uploads\/2024\/05\/Eunoia-13-768x1152.jpg 768w, https:\/\/centroeunoia.com\/wp-content\/uploads\/2024\/05\/Eunoia-13-1024x1536.jpg 1024w, https:\/\/centroeunoia.com\/wp-content\/uploads\/2024\/05\/Eunoia-13-1365x2048.jpg 1365w\" sizes=\"auto, (max-width: 1707px) 100vw, 1707px\" \/><\/a><\/figure>\n\n\n\n<div class=\"wp-block-group is-vertical is-content-justification-center is-nowrap is-layout-flex wp-container-core-group-is-layout-63bfd6c1 wp-block-group-is-layout-flex\">\n<p class=\"has-text-align-center has-small-font-size\"><strong>Noelia Mata Galve<\/strong><\/p>\n\n\n\n<p class=\"has-text-align-center has-small-font-size\">Psic\u00f3loga General Sanitaria<\/p>\n<\/div>\n\n\n\n<div class=\"wp-block-buttons is-content-justification-center is-layout-flex wp-container-core-buttons-is-layout-a89b3969 wp-block-buttons-is-layout-flex\">\n<div class=\"wp-block-button\"><a class=\"wp-block-button__link has-custom-verde-eunoia-oscuro-color has-custom-crema-eunoia-background-color has-text-color has-background has-link-color wp-element-button\" href=\"http:\/\/centroeunoia.com\/index.php\/noelia-mata-galve\/\">+ sobre Noelia<\/a><\/div>\n<\/div>\n<\/div>\n\n\n\n<div class=\"wp-block-column is-layout-flow wp-block-column-is-layout-flow\">\n<figure class=\"wp-block-image size-full is-style-rounded is-style-rounded--6\"><img loading=\"lazy\" decoding=\"async\" width=\"1707\" height=\"2560\" src=\"https:\/\/centroeunoia.com\/wp-content\/uploads\/2024\/05\/Principal-Marta-1-4-scaled.jpg\" alt=\"\" class=\"wp-image-226\" style=\"aspect-ratio:1;object-fit:cover\" srcset=\"https:\/\/centroeunoia.com\/wp-content\/uploads\/2024\/05\/Principal-Marta-1-4-scaled.jpg 1707w, https:\/\/centroeunoia.com\/wp-content\/uploads\/2024\/05\/Principal-Marta-1-4-200x300.jpg 200w, https:\/\/centroeunoia.com\/wp-content\/uploads\/2024\/05\/Principal-Marta-1-4-683x1024.jpg 683w, https:\/\/centroeunoia.com\/wp-content\/uploads\/2024\/05\/Principal-Marta-1-4-768x1152.jpg 768w, https:\/\/centroeunoia.com\/wp-content\/uploads\/2024\/05\/Principal-Marta-1-4-1024x1536.jpg 1024w, https:\/\/centroeunoia.com\/wp-content\/uploads\/2024\/05\/Principal-Marta-1-4-1366x2048.jpg 1366w\" sizes=\"auto, (max-width: 1707px) 100vw, 1707px\" \/><\/figure>\n\n\n\n<div class=\"wp-block-group is-vertical is-content-justification-center is-nowrap is-layout-flex wp-container-core-group-is-layout-63bfd6c1 wp-block-group-is-layout-flex\">\n<p class=\"has-text-align-center has-small-font-size\"><strong>Marta Queralt P\u00e9rez<\/strong><\/p>\n\n\n\n<p class=\"has-text-align-center has-small-font-size\">Logopeda<\/p>\n<\/div>\n\n\n\n<div class=\"wp-block-buttons is-content-justification-center is-layout-flex wp-container-core-buttons-is-layout-a89b3969 wp-block-buttons-is-layout-flex\">\n<div class=\"wp-block-button\"><a class=\"wp-block-button__link has-custom-verde-eunoia-oscuro-color has-custom-crema-eunoia-background-color has-text-color has-background has-link-color wp-element-button\" href=\"http:\/\/centroeunoia.com\/index.php\/marta-queralt-perez\/\">+ sobre Marta<\/a><\/div>\n<\/div>\n<\/div>\n<\/div>\n<\/div>\n","protected":false},"excerpt":{"rendered":"<p>Psic\u00f3loga General Sanitaria CV 17409 Ser psic\u00f3loga ha sido vocacional. Quer\u00eda entender el funcionamiento de nuestro cerebro para comprender el por qu\u00e9 de nuestras conductas.Considero que soy una persona optimista, luchadora y constante, y que estas cualidades me han ayudado a alcanzar las metas que me he propuesto.En terapia me caracterizo por ser cercana, honesta [&hellip;]<\/p>\n","protected":false},"author":1,"featured_media":0,"parent":0,"menu_order":0,"comment_status":"closed","ping_status":"closed","template":"","meta":{"footnotes":""},"class_list":["post-136","page","type-page","status-publish","hentry"],"_links":{"self":[{"href":"https:\/\/centroeunoia.com\/index.php\/wp-json\/wp\/v2\/pages\/136","targetHints":{"allow":["GET"]}}],"collection":[{"href":"https:\/\/centroeunoia.com\/index.php\/wp-json\/wp\/v2\/pages"}],"about":[{"href":"https:\/\/centroeunoia.com\/index.php\/wp-json\/wp\/v2\/types\/page"}],"author":[{"embeddable":true,"href":"https:\/\/centroeunoia.com\/index.php\/wp-json\/wp\/v2\/users\/1"}],"replies":[{"embeddable":true,"href":"https:\/\/centroeunoia.com\/index.php\/wp-json\/wp\/v2\/comments?post=136"}],"version-history":[{"count":15,"href":"https:\/\/centroeunoia.com\/index.php\/wp-json\/wp\/v2\/pages\/136\/revisions"}],"predecessor-version":[{"id":231,"href":"https:\/\/centroeunoia.com\/index.php\/wp-json\/wp\/v2\/pages\/136\/revisions\/231"}],"wp:attachment":[{"href":"https:\/\/centroeunoia.com\/index.php\/wp-json\/wp\/v2\/media?parent=136"}],"curies":[{"name":"wp","href":"https:\/\/api.w.org\/{rel}","templated":true}]}}